{"id":2,"date":"2021-05-13T14:32:00","date_gmt":"2021-05-13T14:32:00","guid":{"rendered":"http:\/\/pajzsmirigypszichologia.hu\/?page_id=2"},"modified":"2025-01-05T09:41:56","modified_gmt":"2025-01-05T09:41:56","slug":"kapcsolat","status":"publish","type":"page","link":"https:\/\/pajzsmirigypszichologia.hu\/en\/kapcsolat\/","title":{"rendered":"Contact us!"},"content":{"rendered":"<div data-elementor-type=\"wp-page\" data-elementor-id=\"2\" class=\"elementor elementor-2\">\n\t\t\t\t\t\t<section class=\"elementor-section elementor-top-section elementor-element elementor-element-a7829d6 elementor-section-boxed elementor-section-height-default elementor-section-height-default\" data-id=\"a7829d6\" data-element_type=\"section\" data-e-type=\"section\">\n\t\t\t\t\t\t<div class=\"elementor-container elementor-column-gap-default\">\n\t\t\t\t\t<div class=\"elementor-column elementor-col-100 elementor-top-column elementor-element elementor-element-2b1f2940\" data-id=\"2b1f2940\" data-element_type=\"column\" data-e-type=\"column\">\n\t\t\t<div class=\"elementor-widget-wrap elementor-element-populated\">\n\t\t\t\t\t\t<div class=\"elementor-element elementor-element-2789405e elementor-widget elementor-widget-text-editor\" data-id=\"2789405e\" data-element_type=\"widget\" data-e-type=\"widget\" data-widget_type=\"text-editor.default\">\n\t\t\t\t<div class=\"elementor-widget-container\">\n\t\t\t\t\t\t\t\t\t\n<blockquote class=\"wp-block-quote is-layout-flow wp-block-quote-is-layout-flow\">\n<p><strong><img fetchpriority=\"high\" decoding=\"async\" class=\"wp-image-712 alignleft\" src=\"https:\/\/pajzsmirigypszichologia.hu\/wp-content\/uploads\/2022\/07\/DSC_1317-Large.jpg\" alt=\"\" width=\"300\" height=\"450\" srcset=\"https:\/\/pajzsmirigypszichologia.hu\/wp-content\/uploads\/2022\/07\/DSC_1317-Large.jpg 720w, https:\/\/pajzsmirigypszichologia.hu\/wp-content\/uploads\/2022\/07\/DSC_1317-Large-200x300.jpg 200w, https:\/\/pajzsmirigypszichologia.hu\/wp-content\/uploads\/2022\/07\/DSC_1317-Large-683x1024.jpg 683w\" sizes=\"(max-width: 300px) 100vw, 300px\" \/>I'm Eliza Kollerits<\/strong> vagyok, viselked\u00e9selemz\u0151, okleveles pszichol\u00f3gus \u00e9s komplex m\u0171v\u00e9szeti terapeuta.<\/p>\n<p class=\"translation-block\">I have been diagnosed with hypothyroidism for more than 10 years, so I have a personal interest in the situation of thyroid patients.<\/p>\n<p>Contact me with confidence about managing your thyroid condition or to learn more about your chronic disease. This is not the only area where I can help: contact me if you find yourself in a stressful life situation and feel you could benefit from independent, professional help to resolve the problem.<\/p>\n<p>Rendel\u0151m az <strong>Astoria mellett<\/strong> tal\u00e1lhat\u00f3 Budapesten, \u00e9s <strong>online konzult\u00e1ci\u00f3<\/strong>n is fogadom klienseimet. Az \u00e1rakr\u00f3l az <a href=\"https:\/\/pajzsmirigypszichologia.hu\/en\/budapest-pszichologus\/\">Counselling<\/a> men\u00fcpontban t\u00e1j\u00e9koz\u00f3dhat.<\/p>\n<p>\u00a0<\/p>\n<p>You can contact me using the contact details below or by filling in the form at the bottom of this page.<\/p>\n<p><a href=\"mailto:eliza.kollerits@gmail.com\">eliza.kollerits@gmail.com<\/a><br \/>+36 30 2982131<\/p>\n<p><strong>Curriculum vitae<\/strong><\/p>\n<p>Pszichol\u00f3gus diplom\u00e1mat a P\u00e1zm\u00e1ny P\u00e9ter Katolikus Egyetemen szereztem, feln\u0151tt klinikai \u00e9s eg\u00e9szs\u00e9gpszichol\u00f3gia specializ\u00e1ci\u00f3n 2022-ben. Ugyanitt szereztem viselked\u00e9selemz\u0151 v\u00e9gzetts\u00e9get 2020-ban, majd egy posztgradu\u00e1lis k\u00e9pz\u00e9s keretein bel\u00fcl komplex m\u0171v\u00e9szeti terapeutak\u00e9nt v\u00e9geztem 2023-ban. Jelenleg az ELTE Pszichol\u00f3gia Doktori Iskola Szem\u00e9lyis\u00e9g- \u00e9s eg\u00e9szs\u00e9gpszichol\u00f3gia programj\u00e1nak doktorandusza vagyok.\u00a0\u00a0<\/p>\n<p>Between 2019 and 2021 I worked at the Natural Sciences Research Centre under Bea Ehmann, and between 2018 and 2022 I worked at the International Office of P\u00e1zm\u00e1ny P\u00e9ter Catholic University as an interpreter and mentor for students from developing countries, so I am no stranger to the multicultural community.<\/p>\n<p>2021-ben megjelent az <a href=\"http:\/\/ap.elte.hu\/wp-content\/uploads\/2022\/02\/AP_2021_4_1.pdf\">els\u0151 tudom\u00e1nyos publik\u00e1ci\u00f3<\/a>m az Alkalmazott Pszichol\u00f3gia foly\u00f3iratban, amely a pajzsmirigybeteg n\u0151k lelki eg\u00e9szs\u00e9g\u00e9r\u0151l sz\u00f3l &#8211; ez 2019 \u00f3ta kutat\u00e1si t\u00e9m\u00e1m \u00e9s most is akt\u00edvan kutatom a doktori programban. 2023-ban megjelent az <a href=\"https:\/\/bmcwomenshealth.biomedcentral.com\/articles\/10.1186\/s12905-023-02718-0\">els\u0151 nemzetk\u00f6zi publik\u00e1ci\u00f3<\/a>m is, angol nyelven, amelyben a pajzsmirigybeteg n\u0151k \u00e9letmin\u0151s\u00e9g\u00e9t kutattam.<\/p>\n<p>I currently take cases at the Awakenings Foundation with clients with various mental disorders under the supervision of Dr. Judit Harangoz\u00f3.<\/p>\n<p>Mag\u00e1n eseteim szuperv\u00edzora: Dr. Indries Kriszti\u00e1n<\/p>\n<\/blockquote>\n\t\t\t\t\t\t\t\t<\/div>\n\t\t\t\t<\/div>\n\t\t\t\t\t<\/div>\n\t\t<\/div>\n\t\t\t\t\t<\/div>\n\t\t<\/section>\n\t\t\t\t<section class=\"elementor-section elementor-top-section elementor-element elementor-element-1a36621 elementor-section-boxed elementor-section-height-default elementor-section-height-default\" data-id=\"1a36621\" data-element_type=\"section\" data-e-type=\"section\">\n\t\t\t\t\t\t<div class=\"elementor-container elementor-column-gap-default\">\n\t\t\t\t\t<div class=\"elementor-column elementor-col-100 elementor-top-column elementor-element elementor-element-481ac73\" data-id=\"481ac73\" data-element_type=\"column\" data-e-type=\"column\">\n\t\t\t<div class=\"elementor-widget-wrap\">\n\t\t\t\t\t\t\t<\/div>\n\t\t<\/div>\n\t\t\t\t\t<\/div>\n\t\t<\/section>\n\t\t\t\t<section class=\"elementor-section elementor-top-section elementor-element elementor-element-7b3c98b elementor-section-boxed elementor-section-height-default elementor-section-height-default\" data-id=\"7b3c98b\" data-element_type=\"section\" data-e-type=\"section\">\n\t\t\t\t\t\t<div class=\"elementor-container elementor-column-gap-default\">\n\t\t\t\t\t<div class=\"elementor-column elementor-col-100 elementor-top-column elementor-element elementor-element-ac37797\" data-id=\"ac37797\" data-element_type=\"column\" data-e-type=\"column\">\n\t\t\t<div class=\"elementor-widget-wrap elementor-element-populated\">\n\t\t\t\t\t\t<div class=\"elementor-element elementor-element-8cbeb2e elementor-widget elementor-widget-text-editor\" data-id=\"8cbeb2e\" data-element_type=\"widget\" data-e-type=\"widget\" data-widget_type=\"text-editor.default\">\n\t\t\t\t<div class=\"elementor-widget-container\">\n\t\t\t\t\t\t\t\t\t<p>Fill in the form to request a simple appointment!<\/p>\n<p><p class=\"wpcf7-contact-form-not-found\"><strong>Error:<\/strong> Contact form not found.<\/p><\/p>\t\t\t\t\t\t\t\t<\/div>\n\t\t\t\t<\/div>\n\t\t\t\t\t<\/div>\n\t\t<\/div>\n\t\t\t\t\t<\/div>\n\t\t<\/section>\n\t\t\t\t<\/div>","protected":false},"excerpt":{"rendered":"<p>Kollerits Eliza vagyok, viselked\u00e9selemz\u0151, okleveles pszichol\u00f3gus \u00e9s komplex m\u0171v\u00e9szeti terapeuta. T\u00f6bb, mint 10 \u00e9ve diagnosztiz\u00e1ltak pajzsmirigy alulm\u0171k\u00f6d\u00e9ssel, \u00edgy szem\u00e9lyes \u00e9rintetts\u00e9gb\u0151l fakad\u00f3an is sz\u00edvemen viselem a pajzsmirigybetegek sors\u00e1t. Keressen bizalommal pajzsmirigybetegs\u00e9g\u00e9vel val\u00f3 megk\u00fczd\u00e9ssel kapcsolatban, vagy kr\u00f3nikus betegs\u00e9ge megismer\u00e9s\u00e9nek ig\u00e9ny\u00e9vel. Nemcsak ezen a ter\u00fcleten tudok seg\u00edteni: keressen fel, ha egy megterhel\u0151 \u00e9lethelyzetben tal\u00e1lja mag\u00e1t, \u00e9s \u00fagy \u00e9rzi, seg\u00edts\u00e9g\u00e9re lehet egy f\u00fcggetlen, szakmai seg\u00edts\u00e9g a probl\u00e9ma megold\u00e1s\u00e1ban. Rendel\u0151m az Astoria mellett tal\u00e1lhat\u00f3 Budapesten, \u00e9s online konzult\u00e1ci\u00f3n is fogadom klienseimet. Az \u00e1rakr\u00f3l az Egy\u00e9ni tan\u00e1csad\u00e1s men\u00fcpontban t\u00e1j\u00e9koz\u00f3dhat. \u00a0 Az al\u00e1bbi el\u00e9rhet\u0151s\u00e9geken, vagy a lap alj\u00e1n tal\u00e1lhat\u00f3 \u0171rlap kit\u00f6lt\u00e9s\u00e9vel tudja felvenni velem a kapcsolatot. eliza.kollerits@gmail.com+36 30 2982131 Curriculum vitae Pszichol\u00f3gus diplom\u00e1mat a P\u00e1zm\u00e1ny P\u00e9ter Katolikus Egyetemen szereztem, feln\u0151tt klinikai \u00e9s eg\u00e9szs\u00e9gpszichol\u00f3gia specializ\u00e1ci\u00f3n 2022-ben. Ugyanitt szereztem viselked\u00e9selemz\u0151 v\u00e9gzetts\u00e9get 2020-ban, majd egy posztgradu\u00e1lis k\u00e9pz\u00e9s keretein bel\u00fcl komplex m\u0171v\u00e9szeti terapeutak\u00e9nt v\u00e9geztem 2023-ban. Jelenleg az ELTE Pszichol\u00f3gia Doktori Iskola Szem\u00e9lyis\u00e9g- \u00e9s eg\u00e9szs\u00e9gpszichol\u00f3gia programj\u00e1nak doktorandusza vagyok.\u00a0\u00a0 2019 \u00e9s 2021 k\u00f6z\u00f6tt a Term\u00e9szettudom\u00e1nyi Kutat\u00f3k\u00f6zpontban dolgoztam Ehmann Bea vezet\u00e9s\u00e9vel, 2018 \u00e9s 2022 k\u00f6z\u00f6tt pedig a P\u00e1zm\u00e1ny P\u00e9ter Katolikus Egyetem nemzetk\u00f6zi irod\u00e1j\u00e1ban tev\u00e9kenykedtem, mint tolm\u00e1cs \u00e9s mentor, fejl\u0151d\u0151 orsz\u00e1gokb\u00f3l \u00e9rkez\u0151 hallgat\u00f3k sz\u00e1m\u00e1ra, \u00edgy a multikultur\u00e1lis k\u00f6z\u00f6ss\u00e9g sem idegen sz\u00e1momra. 2021-ben megjelent az els\u0151 tudom\u00e1nyos publik\u00e1ci\u00f3m az Alkalmazott Pszichol\u00f3gia foly\u00f3iratban, amely a pajzsmirigybeteg n\u0151k lelki eg\u00e9szs\u00e9g\u00e9r\u0151l sz\u00f3l &#8211; ez 2019 \u00f3ta kutat\u00e1si t\u00e9m\u00e1m \u00e9s most is akt\u00edvan kutatom a doktori programban. 2023-ban megjelent az els\u0151 nemzetk\u00f6zi publik\u00e1ci\u00f3m is, angol nyelven, amelyben a pajzsmirigybeteg n\u0151k \u00e9letmin\u0151s\u00e9g\u00e9t kutattam. Jelenleg az \u00c9bred\u00e9sek Alap\u00edtv\u00e1nyn\u00e1l viszek eseteket, k\u00fcl\u00f6nb\u00f6z\u0151 ment\u00e1lis zavarral \u00e9l\u0151 kliensekkel Dr. Harangoz\u00f3 Judit szuperv\u00edzi\u00f3j\u00e1val. Mag\u00e1n eseteim szuperv\u00edzora: Dr. Indries Kriszti\u00e1n Az egyszer\u0171 id\u0151pontk\u00e9r\u00e9shez t\u00f6ltse ki az \u0171rlapot!<\/p>","protected":false},"author":1,"featured_media":0,"parent":0,"menu_order":0,"comment_status":"closed","ping_status":"closed","template":"elementor_header_footer","meta":{"footnotes":""},"class_list":["post-2","page","type-page","status-publish","hentry"],"yoast_head":"<!-- This site is optimized with the Yoast SEO plugin v27.4 - https:\/\/yoast.com\/product\/yoast-seo-wordpress\/ -->\n<title>Kapcsolat - Pajzsmirigy Pszichol\u00f3gia<\/title>\n<meta name=\"robots\" content=\"index, follow, max-snippet:-1, max-image-preview:large, max-video-preview:-1\" \/>\n<link rel=\"canonical\" href=\"https:\/\/pajzsmirigypszichologia.hu\/en\/kapcsolat\/\" \/>\n<meta property=\"og:locale\" content=\"en_GB\" \/>\n<meta property=\"og:type\" content=\"article\" \/>\n<meta property=\"og:title\" content=\"Kapcsolat - Pajzsmirigy Pszichol\u00f3gia\" \/>\n<meta property=\"og:description\" content=\"Kollerits Eliza vagyok, viselked\u00e9selemz\u0151, okleveles pszichol\u00f3gus \u00e9s komplex m\u0171v\u00e9szeti terapeuta. T\u00f6bb, mint 10 \u00e9ve diagnosztiz\u00e1ltak pajzsmirigy alulm\u0171k\u00f6d\u00e9ssel, \u00edgy szem\u00e9lyes \u00e9rintetts\u00e9gb\u0151l fakad\u00f3an is sz\u00edvemen viselem a pajzsmirigybetegek sors\u00e1t. Keressen bizalommal pajzsmirigybetegs\u00e9g\u00e9vel val\u00f3 megk\u00fczd\u00e9ssel kapcsolatban, vagy kr\u00f3nikus betegs\u00e9ge megismer\u00e9s\u00e9nek ig\u00e9ny\u00e9vel. Nemcsak ezen a ter\u00fcleten tudok seg\u00edteni: keressen fel, ha egy megterhel\u0151 \u00e9lethelyzetben tal\u00e1lja mag\u00e1t, \u00e9s \u00fagy \u00e9rzi, seg\u00edts\u00e9g\u00e9re lehet egy f\u00fcggetlen, szakmai seg\u00edts\u00e9g a probl\u00e9ma megold\u00e1s\u00e1ban. Rendel\u0151m az Astoria mellett tal\u00e1lhat\u00f3 Budapesten, \u00e9s online konzult\u00e1ci\u00f3n is fogadom klienseimet. Az \u00e1rakr\u00f3l az Egy\u00e9ni tan\u00e1csad\u00e1s men\u00fcpontban t\u00e1j\u00e9koz\u00f3dhat. \u00a0 Az al\u00e1bbi el\u00e9rhet\u0151s\u00e9geken, vagy a lap alj\u00e1n tal\u00e1lhat\u00f3 \u0171rlap kit\u00f6lt\u00e9s\u00e9vel tudja felvenni velem a kapcsolatot. eliza.kollerits@gmail.com+36 30 2982131 Curriculum vitae Pszichol\u00f3gus diplom\u00e1mat a P\u00e1zm\u00e1ny P\u00e9ter Katolikus Egyetemen szereztem, feln\u0151tt klinikai \u00e9s eg\u00e9szs\u00e9gpszichol\u00f3gia specializ\u00e1ci\u00f3n 2022-ben. Ugyanitt szereztem viselked\u00e9selemz\u0151 v\u00e9gzetts\u00e9get 2020-ban, majd egy posztgradu\u00e1lis k\u00e9pz\u00e9s keretein bel\u00fcl komplex m\u0171v\u00e9szeti terapeutak\u00e9nt v\u00e9geztem 2023-ban. Jelenleg az ELTE Pszichol\u00f3gia Doktori Iskola Szem\u00e9lyis\u00e9g- \u00e9s eg\u00e9szs\u00e9gpszichol\u00f3gia programj\u00e1nak doktorandusza vagyok.\u00a0\u00a0 2019 \u00e9s 2021 k\u00f6z\u00f6tt a Term\u00e9szettudom\u00e1nyi Kutat\u00f3k\u00f6zpontban dolgoztam Ehmann Bea vezet\u00e9s\u00e9vel, 2018 \u00e9s 2022 k\u00f6z\u00f6tt pedig a P\u00e1zm\u00e1ny P\u00e9ter Katolikus Egyetem nemzetk\u00f6zi irod\u00e1j\u00e1ban tev\u00e9kenykedtem, mint tolm\u00e1cs \u00e9s mentor, fejl\u0151d\u0151 orsz\u00e1gokb\u00f3l \u00e9rkez\u0151 hallgat\u00f3k sz\u00e1m\u00e1ra, \u00edgy a multikultur\u00e1lis k\u00f6z\u00f6ss\u00e9g sem idegen sz\u00e1momra. 2021-ben megjelent az els\u0151 tudom\u00e1nyos publik\u00e1ci\u00f3m az Alkalmazott Pszichol\u00f3gia foly\u00f3iratban, amely a pajzsmirigybeteg n\u0151k lelki eg\u00e9szs\u00e9g\u00e9r\u0151l sz\u00f3l &#8211; ez 2019 \u00f3ta kutat\u00e1si t\u00e9m\u00e1m \u00e9s most is akt\u00edvan kutatom a doktori programban. 2023-ban megjelent az els\u0151 nemzetk\u00f6zi publik\u00e1ci\u00f3m is, angol nyelven, amelyben a pajzsmirigybeteg n\u0151k \u00e9letmin\u0151s\u00e9g\u00e9t kutattam. Jelenleg az \u00c9bred\u00e9sek Alap\u00edtv\u00e1nyn\u00e1l viszek eseteket, k\u00fcl\u00f6nb\u00f6z\u0151 ment\u00e1lis zavarral \u00e9l\u0151 kliensekkel Dr. Harangoz\u00f3 Judit szuperv\u00edzi\u00f3j\u00e1val. Mag\u00e1n eseteim szuperv\u00edzora: Dr. Indries Kriszti\u00e1n Az egyszer\u0171 id\u0151pontk\u00e9r\u00e9shez t\u00f6ltse ki az \u0171rlapot!\" \/>\n<meta property=\"og:url\" content=\"https:\/\/pajzsmirigypszichologia.hu\/en\/kapcsolat\/\" \/>\n<meta property=\"og:site_name\" content=\"Pajzsmirigy Pszichol\u00f3gia\" \/>\n<meta property=\"article:modified_time\" content=\"2025-01-05T09:41:56+00:00\" \/>\n<meta property=\"og:image\" content=\"https:\/\/pajzsmirigypszichologia.hu\/wp-content\/uploads\/2022\/07\/DSC_1317-Large.jpg\" \/>\n\t<meta property=\"og:image:width\" content=\"720\" \/>\n\t<meta property=\"og:image:height\" content=\"1080\" \/>\n\t<meta property=\"og:image:type\" content=\"image\/jpeg\" \/>\n<meta name=\"twitter:card\" content=\"summary_large_image\" \/>\n<meta name=\"twitter:label1\" content=\"Estimated reading time\" \/>\n\t<meta name=\"twitter:data1\" content=\"1 minute\" \/>\n<script type=\"application\/ld+json\" class=\"yoast-schema-graph\">{\"@context\":\"https:\\\/\\\/schema.org\",\"@graph\":[{\"@type\":\"WebPage\",\"@id\":\"https:\\\/\\\/pajzsmirigypszichologia.hu\\\/kapcsolat\\\/\",\"url\":\"https:\\\/\\\/pajzsmirigypszichologia.hu\\\/kapcsolat\\\/\",\"name\":\"Kapcsolat - Pajzsmirigy Pszichol\u00f3gia\",\"isPartOf\":{\"@id\":\"https:\\\/\\\/pajzsmirigypszichologia.hu\\\/#website\"},\"primaryImageOfPage\":{\"@id\":\"https:\\\/\\\/pajzsmirigypszichologia.hu\\\/kapcsolat\\\/#primaryimage\"},\"image\":{\"@id\":\"https:\\\/\\\/pajzsmirigypszichologia.hu\\\/kapcsolat\\\/#primaryimage\"},\"thumbnailUrl\":\"https:\\\/\\\/pajzsmirigypszichologia.hu\\\/wp-content\\\/uploads\\\/2022\\\/07\\\/DSC_1317-Large.jpg\",\"datePublished\":\"2021-05-13T14:32:00+00:00\",\"dateModified\":\"2025-01-05T09:41:56+00:00\",\"breadcrumb\":{\"@id\":\"https:\\\/\\\/pajzsmirigypszichologia.hu\\\/kapcsolat\\\/#breadcrumb\"},\"inLanguage\":\"en-GB\",\"potentialAction\":[{\"@type\":\"ReadAction\",\"target\":[\"https:\\\/\\\/pajzsmirigypszichologia.hu\\\/kapcsolat\\\/\"]}]},{\"@type\":\"ImageObject\",\"inLanguage\":\"en-GB\",\"@id\":\"https:\\\/\\\/pajzsmirigypszichologia.hu\\\/kapcsolat\\\/#primaryimage\",\"url\":\"https:\\\/\\\/pajzsmirigypszichologia.hu\\\/wp-content\\\/uploads\\\/2022\\\/07\\\/DSC_1317-Large.jpg\",\"contentUrl\":\"https:\\\/\\\/pajzsmirigypszichologia.hu\\\/wp-content\\\/uploads\\\/2022\\\/07\\\/DSC_1317-Large.jpg\"},{\"@type\":\"BreadcrumbList\",\"@id\":\"https:\\\/\\\/pajzsmirigypszichologia.hu\\\/kapcsolat\\\/#breadcrumb\",\"itemListElement\":[{\"@type\":\"ListItem\",\"position\":1,\"name\":\"Kezd\u0151lap\",\"item\":\"https:\\\/\\\/pajzsmirigypszichologia.hu\\\/\"},{\"@type\":\"ListItem\",\"position\":2,\"name\":\"Kapcsolat\"}]},{\"@type\":\"WebSite\",\"@id\":\"https:\\\/\\\/pajzsmirigypszichologia.hu\\\/#website\",\"url\":\"https:\\\/\\\/pajzsmirigypszichologia.hu\\\/\",\"name\":\"Pajzsmirigy Pszichol\u00f3gia\",\"description\":\"Pajzsmirigybetegek lelki eg\u00e9szs\u00e9g\u00e9r\u0151l\",\"publisher\":{\"@id\":\"https:\\\/\\\/pajzsmirigypszichologia.hu\\\/#\\\/schema\\\/person\\\/ada127288f79d621e52461983dc46da2\"},\"potentialAction\":[{\"@type\":\"SearchAction\",\"target\":{\"@type\":\"EntryPoint\",\"urlTemplate\":\"https:\\\/\\\/pajzsmirigypszichologia.hu\\\/?s={search_term_string}\"},\"query-input\":{\"@type\":\"PropertyValueSpecification\",\"valueRequired\":true,\"valueName\":\"search_term_string\"}}],\"inLanguage\":\"en-GB\"},{\"@type\":[\"Person\",\"Organization\"],\"@id\":\"https:\\\/\\\/pajzsmirigypszichologia.hu\\\/#\\\/schema\\\/person\\\/ada127288f79d621e52461983dc46da2\",\"name\":\"Kollerits Eliza\",\"image\":{\"@type\":\"ImageObject\",\"inLanguage\":\"en-GB\",\"@id\":\"https:\\\/\\\/pajzsmirigypszichologia.hu\\\/wp-content\\\/uploads\\\/2021\\\/05\\\/cropped-fejlec2.jpg\",\"url\":\"https:\\\/\\\/pajzsmirigypszichologia.hu\\\/wp-content\\\/uploads\\\/2021\\\/05\\\/cropped-fejlec2.jpg\",\"contentUrl\":\"https:\\\/\\\/pajzsmirigypszichologia.hu\\\/wp-content\\\/uploads\\\/2021\\\/05\\\/cropped-fejlec2.jpg\",\"width\":1124,\"height\":500,\"caption\":\"Kollerits Eliza\"},\"logo\":{\"@id\":\"https:\\\/\\\/pajzsmirigypszichologia.hu\\\/wp-content\\\/uploads\\\/2021\\\/05\\\/cropped-fejlec2.jpg\"},\"sameAs\":[\"https:\\\/\\\/pajzsmirigypszichologia.hu\"]}]}<\/script>\n<!-- \/ Yoast SEO plugin. -->","yoast_head_json":{"title":"Kapcsolat - Pajzsmirigy Pszichol\u00f3gia","robots":{"index":"index","follow":"follow","max-snippet":"max-snippet:-1","max-image-preview":"max-image-preview:large","max-video-preview":"max-video-preview:-1"},"canonical":"https:\/\/pajzsmirigypszichologia.hu\/en\/kapcsolat\/","og_locale":"en_GB","og_type":"article","og_title":"Kapcsolat - Pajzsmirigy Pszichol\u00f3gia","og_description":"Kollerits Eliza vagyok, viselked\u00e9selemz\u0151, okleveles pszichol\u00f3gus \u00e9s komplex m\u0171v\u00e9szeti terapeuta. T\u00f6bb, mint 10 \u00e9ve diagnosztiz\u00e1ltak pajzsmirigy alulm\u0171k\u00f6d\u00e9ssel, \u00edgy szem\u00e9lyes \u00e9rintetts\u00e9gb\u0151l fakad\u00f3an is sz\u00edvemen viselem a pajzsmirigybetegek sors\u00e1t. Keressen bizalommal pajzsmirigybetegs\u00e9g\u00e9vel val\u00f3 megk\u00fczd\u00e9ssel kapcsolatban, vagy kr\u00f3nikus betegs\u00e9ge megismer\u00e9s\u00e9nek ig\u00e9ny\u00e9vel. Nemcsak ezen a ter\u00fcleten tudok seg\u00edteni: keressen fel, ha egy megterhel\u0151 \u00e9lethelyzetben tal\u00e1lja mag\u00e1t, \u00e9s \u00fagy \u00e9rzi, seg\u00edts\u00e9g\u00e9re lehet egy f\u00fcggetlen, szakmai seg\u00edts\u00e9g a probl\u00e9ma megold\u00e1s\u00e1ban. Rendel\u0151m az Astoria mellett tal\u00e1lhat\u00f3 Budapesten, \u00e9s online konzult\u00e1ci\u00f3n is fogadom klienseimet. Az \u00e1rakr\u00f3l az Egy\u00e9ni tan\u00e1csad\u00e1s men\u00fcpontban t\u00e1j\u00e9koz\u00f3dhat. \u00a0 Az al\u00e1bbi el\u00e9rhet\u0151s\u00e9geken, vagy a lap alj\u00e1n tal\u00e1lhat\u00f3 \u0171rlap kit\u00f6lt\u00e9s\u00e9vel tudja felvenni velem a kapcsolatot. eliza.kollerits@gmail.com+36 30 2982131 Curriculum vitae Pszichol\u00f3gus diplom\u00e1mat a P\u00e1zm\u00e1ny P\u00e9ter Katolikus Egyetemen szereztem, feln\u0151tt klinikai \u00e9s eg\u00e9szs\u00e9gpszichol\u00f3gia specializ\u00e1ci\u00f3n 2022-ben. Ugyanitt szereztem viselked\u00e9selemz\u0151 v\u00e9gzetts\u00e9get 2020-ban, majd egy posztgradu\u00e1lis k\u00e9pz\u00e9s keretein bel\u00fcl komplex m\u0171v\u00e9szeti terapeutak\u00e9nt v\u00e9geztem 2023-ban. Jelenleg az ELTE Pszichol\u00f3gia Doktori Iskola Szem\u00e9lyis\u00e9g- \u00e9s eg\u00e9szs\u00e9gpszichol\u00f3gia programj\u00e1nak doktorandusza vagyok.\u00a0\u00a0 2019 \u00e9s 2021 k\u00f6z\u00f6tt a Term\u00e9szettudom\u00e1nyi Kutat\u00f3k\u00f6zpontban dolgoztam Ehmann Bea vezet\u00e9s\u00e9vel, 2018 \u00e9s 2022 k\u00f6z\u00f6tt pedig a P\u00e1zm\u00e1ny P\u00e9ter Katolikus Egyetem nemzetk\u00f6zi irod\u00e1j\u00e1ban tev\u00e9kenykedtem, mint tolm\u00e1cs \u00e9s mentor, fejl\u0151d\u0151 orsz\u00e1gokb\u00f3l \u00e9rkez\u0151 hallgat\u00f3k sz\u00e1m\u00e1ra, \u00edgy a multikultur\u00e1lis k\u00f6z\u00f6ss\u00e9g sem idegen sz\u00e1momra. 2021-ben megjelent az els\u0151 tudom\u00e1nyos publik\u00e1ci\u00f3m az Alkalmazott Pszichol\u00f3gia foly\u00f3iratban, amely a pajzsmirigybeteg n\u0151k lelki eg\u00e9szs\u00e9g\u00e9r\u0151l sz\u00f3l &#8211; ez 2019 \u00f3ta kutat\u00e1si t\u00e9m\u00e1m \u00e9s most is akt\u00edvan kutatom a doktori programban. 2023-ban megjelent az els\u0151 nemzetk\u00f6zi publik\u00e1ci\u00f3m is, angol nyelven, amelyben a pajzsmirigybeteg n\u0151k \u00e9letmin\u0151s\u00e9g\u00e9t kutattam. Jelenleg az \u00c9bred\u00e9sek Alap\u00edtv\u00e1nyn\u00e1l viszek eseteket, k\u00fcl\u00f6nb\u00f6z\u0151 ment\u00e1lis zavarral \u00e9l\u0151 kliensekkel Dr. Harangoz\u00f3 Judit szuperv\u00edzi\u00f3j\u00e1val. Mag\u00e1n eseteim szuperv\u00edzora: Dr. Indries Kriszti\u00e1n Az egyszer\u0171 id\u0151pontk\u00e9r\u00e9shez t\u00f6ltse ki az \u0171rlapot!","og_url":"https:\/\/pajzsmirigypszichologia.hu\/en\/kapcsolat\/","og_site_name":"Pajzsmirigy Pszichol\u00f3gia","article_modified_time":"2025-01-05T09:41:56+00:00","og_image":[{"width":720,"height":1080,"url":"https:\/\/pajzsmirigypszichologia.hu\/wp-content\/uploads\/2022\/07\/DSC_1317-Large.jpg","type":"image\/jpeg"}],"twitter_card":"summary_large_image","twitter_misc":{"Estimated reading time":"1 minute"},"schema":{"@context":"https:\/\/schema.org","@graph":[{"@type":"WebPage","@id":"https:\/\/pajzsmirigypszichologia.hu\/kapcsolat\/","url":"https:\/\/pajzsmirigypszichologia.hu\/kapcsolat\/","name":"Kapcsolat - Pajzsmirigy Pszichol\u00f3gia","isPartOf":{"@id":"https:\/\/pajzsmirigypszichologia.hu\/#website"},"primaryImageOfPage":{"@id":"https:\/\/pajzsmirigypszichologia.hu\/kapcsolat\/#primaryimage"},"image":{"@id":"https:\/\/pajzsmirigypszichologia.hu\/kapcsolat\/#primaryimage"},"thumbnailUrl":"https:\/\/pajzsmirigypszichologia.hu\/wp-content\/uploads\/2022\/07\/DSC_1317-Large.jpg","datePublished":"2021-05-13T14:32:00+00:00","dateModified":"2025-01-05T09:41:56+00:00","breadcrumb":{"@id":"https:\/\/pajzsmirigypszichologia.hu\/kapcsolat\/#breadcrumb"},"inLanguage":"en-GB","potentialAction":[{"@type":"ReadAction","target":["https:\/\/pajzsmirigypszichologia.hu\/kapcsolat\/"]}]},{"@type":"ImageObject","inLanguage":"en-GB","@id":"https:\/\/pajzsmirigypszichologia.hu\/kapcsolat\/#primaryimage","url":"https:\/\/pajzsmirigypszichologia.hu\/wp-content\/uploads\/2022\/07\/DSC_1317-Large.jpg","contentUrl":"https:\/\/pajzsmirigypszichologia.hu\/wp-content\/uploads\/2022\/07\/DSC_1317-Large.jpg"},{"@type":"BreadcrumbList","@id":"https:\/\/pajzsmirigypszichologia.hu\/kapcsolat\/#breadcrumb","itemListElement":[{"@type":"ListItem","position":1,"name":"Kezd\u0151lap","item":"https:\/\/pajzsmirigypszichologia.hu\/"},{"@type":"ListItem","position":2,"name":"Kapcsolat"}]},{"@type":"WebSite","@id":"https:\/\/pajzsmirigypszichologia.hu\/#website","url":"https:\/\/pajzsmirigypszichologia.hu\/","name":"Thyroid Psychology","description":"Pajzsmirigybetegek lelki eg\u00e9szs\u00e9g\u00e9r\u0151l","publisher":{"@id":"https:\/\/pajzsmirigypszichologia.hu\/#\/schema\/person\/ada127288f79d621e52461983dc46da2"},"potentialAction":[{"@type":"SearchAction","target":{"@type":"EntryPoint","urlTemplate":"https:\/\/pajzsmirigypszichologia.hu\/?s={search_term_string}"},"query-input":{"@type":"PropertyValueSpecification","valueRequired":true,"valueName":"search_term_string"}}],"inLanguage":"en-GB"},{"@type":["Person","Organization"],"@id":"https:\/\/pajzsmirigypszichologia.hu\/#\/schema\/person\/ada127288f79d621e52461983dc46da2","name":"I'm Eliza Kollerits","image":{"@type":"ImageObject","inLanguage":"en-GB","@id":"https:\/\/pajzsmirigypszichologia.hu\/wp-content\/uploads\/2021\/05\/cropped-fejlec2.jpg","url":"https:\/\/pajzsmirigypszichologia.hu\/wp-content\/uploads\/2021\/05\/cropped-fejlec2.jpg","contentUrl":"https:\/\/pajzsmirigypszichologia.hu\/wp-content\/uploads\/2021\/05\/cropped-fejlec2.jpg","width":1124,"height":500,"caption":"Kollerits Eliza"},"logo":{"@id":"https:\/\/pajzsmirigypszichologia.hu\/wp-content\/uploads\/2021\/05\/cropped-fejlec2.jpg"},"sameAs":["https:\/\/pajzsmirigypszichologia.hu"]}]}},"_links":{"self":[{"href":"https:\/\/pajzsmirigypszichologia.hu\/en\/wp-json\/wp\/v2\/pages\/2","targetHints":{"allow":["GET"]}}],"collection":[{"href":"https:\/\/pajzsmirigypszichologia.hu\/en\/wp-json\/wp\/v2\/pages"}],"about":[{"href":"https:\/\/pajzsmirigypszichologia.hu\/en\/wp-json\/wp\/v2\/types\/page"}],"author":[{"embeddable":true,"href":"https:\/\/pajzsmirigypszichologia.hu\/en\/wp-json\/wp\/v2\/users\/1"}],"replies":[{"embeddable":true,"href":"https:\/\/pajzsmirigypszichologia.hu\/en\/wp-json\/wp\/v2\/comments?post=2"}],"version-history":[{"count":96,"href":"https:\/\/pajzsmirigypszichologia.hu\/en\/wp-json\/wp\/v2\/pages\/2\/revisions"}],"predecessor-version":[{"id":918,"href":"https:\/\/pajzsmirigypszichologia.hu\/en\/wp-json\/wp\/v2\/pages\/2\/revisions\/918"}],"wp:attachment":[{"href":"https:\/\/pajzsmirigypszichologia.hu\/en\/wp-json\/wp\/v2\/media?parent=2"}],"curies":[{"name":"wp","href":"https:\/\/api.w.org\/{rel}","templated":true}]}}