{"id":36,"date":"2021-05-15T11:30:49","date_gmt":"2021-05-15T11:30:49","guid":{"rendered":"https:\/\/pajzsmirigypszichologia.hu\/?page_id=36"},"modified":"2022-01-31T09:45:54","modified_gmt":"2022-01-31T09:45:54","slug":"pajzsmirigy-alulmukodes-hypotherosis","status":"publish","type":"page","link":"https:\/\/pajzsmirigypszichologia.hu\/en\/pajzsmirigy-alulmukodes-hypotherosis\/","title":{"rendered":"Hypothyroidism"},"content":{"rendered":"<div data-elementor-type=\"wp-page\" data-elementor-id=\"36\" class=\"elementor elementor-36\">\n\t\t\t\t\t\t<section class=\"elementor-section elementor-top-section elementor-element elementor-element-561e611 elementor-section-boxed elementor-section-height-default elementor-section-height-default\" data-id=\"561e611\" data-element_type=\"section\" data-e-type=\"section\">\n\t\t\t\t\t\t<div class=\"elementor-container elementor-column-gap-default\">\n\t\t\t\t\t<div class=\"elementor-column elementor-col-100 elementor-top-column elementor-element elementor-element-1d78582\" data-id=\"1d78582\" data-element_type=\"column\" data-e-type=\"column\">\n\t\t\t<div class=\"elementor-widget-wrap elementor-element-populated\">\n\t\t\t\t\t\t<div class=\"elementor-element elementor-element-f852517 elementor-drop-cap-yes elementor-drop-cap-view-default elementor-widget elementor-widget-text-editor\" data-id=\"f852517\" data-element_type=\"widget\" data-e-type=\"widget\" data-settings=\"{&quot;drop_cap&quot;:&quot;yes&quot;}\" data-widget_type=\"text-editor.default\">\n\t\t\t\t<div class=\"elementor-widget-container\">\n\t\t\t\t\t\t\t\t\t<p>Thyroid diseases include hypothyroidism. The disease is caused by low hormone levels due to underactive (reduced) thyroid gland.<\/p><p class=\"translation-block\">Onset: can be caused by iodine deficiency, but can also be caused by destruction of thyroid tissue, various drugs (e.g. lithium used in bipolar patients and phenylbutazone). Familial accumulation is known, but it can also develop spontaneously without any external influence. It can also develop after surgical removal of the thyroid gland.<\/p><p class=\"translation-block\">Symptoms: it has many symptoms, which vary among patients. These include:<\/p><ul><li>mental symptoms: malaise, nervousness, feelings of tension, mood swings, lethargy, forgetfulness, cognitive impairment, loss of concentration<\/li><li>testi t\u00fcnetek: az anyagcsere lassul\u00e1sa (sz\u00e9kreked\u00e9s; hirtelen, l\u00e1tsz\u00f3lag ok n\u00e9lk\u00fcli tests\u00falyn\u00f6veked\u00e9s), f\u00e1rad\u00e9konys\u00e1g, k\u00f6zben \u00e1lmatlans\u00e1g, kisz\u00e1radt b\u0151r, hajhull\u00e1s, hideg kezek, l\u00e1bak, menstru\u00e1ci\u00f3val kapcsolatos probl\u00e9m\u00e1k, term\u00e9kenys\u00e9gi probl\u00e9m\u00e1k, szexu\u00e1lis v\u00e1gy cs\u00f6kken\u00e9se.<\/li><\/ul><p class=\"translation-block\">Diagnosis: diagnosed by blood test. The most commonly measured hormones are TSH, fT3, fT4.<\/p><p><blockquote class=\"wp-embedded-content\" data-secret=\"As6AphQ8jB\"><a href=\"https:\/\/pajzsmirigypszichologia.hu\/en\/a-pajzsmirigy-es-a-hormonrendszer\/\">Thyroid and the endocrine system<\/a><\/blockquote><iframe class=\"wp-embedded-content\" sandbox=\"allow-scripts\" security=\"restricted\" style=\"position: absolute; clip: rect(1px, 1px, 1px, 1px);\" title=\"&#8220;A pajzsmirigy \u00e9s a hormonrendszer&#8221; &#8212; Pajzsmirigy Pszichol\u00f3gia\" src=\"https:\/\/pajzsmirigypszichologia.hu\/a-pajzsmirigy-es-a-hormonrendszer\/embed\/#?secret=IGeuArbi2Z#?secret=As6AphQ8jB\" data-secret=\"As6AphQ8jB\" width=\"600\" height=\"338\" frameborder=\"0\" marginwidth=\"0\" marginheight=\"0\" scrolling=\"no\"><\/iframe><\/p><p class=\"translation-block\">Treatment: hormone replacement therapy. The right amount is set by the specialist and checked several times by taking blood samples. After the drug has been adjusted, an annual blood test is recommended. As it is a chronic disease, complete recovery is very rare, but with proper treatment it can be maintained and a symptom-free, full life can be lived.<\/p>\t\t\t\t\t\t\t\t<\/div>\n\t\t\t\t<\/div>\n\t\t\t\t\t<\/div>\n\t\t<\/div>\n\t\t\t\t\t<\/div>\n\t\t<\/section>\n\t\t\t\t<\/div>","protected":false},"excerpt":{"rendered":"<p>A pajzsmirigy megbeteged\u00e9sei k\u00f6z\u00e9 tartozik a pajzsmirigy alulm\u0171k\u0151d\u00e9s. Az al\u00e1bbi neveken tal\u00e1lkozhatunk m\u00e9g vele: hypothyreosis, hipotire\u00f3zis. A betegs\u00e9g l\u00e9nyege, hogy a pajzsmirigy alulm\u0171k\u00f6d\u00e9se (cs\u00f6kkent m\u0171k\u00f6d\u00e9se) miatt alacsony hormonszint l\u00e9p fel. Kialakul\u00e1sa: Kialakulhat j\u00f3dhi\u00e1ny miatt, de a pajzsmirigysz\u00f6vet pusztul\u00e1sa, k\u00fcl\u00f6nb\u00f6z\u0151 gy\u00f3gyszerek (pl. a lithium, amelyet bipol\u00e1ris betegekn\u00e9l haszn\u00e1lnak \u00e9s a phenylbutazon) is okozhatj\u00e1k. Csal\u00e1di halmoz\u00f3d\u00e1sa ismert, de spont\u00e1n is kialakulhat minden k\u00fcls\u0151 hat\u00e1s n\u00e9lk\u00fcl. A pajzsmirigy m\u0171t\u00e9ti \u00faton t\u00f6rt\u00e9n\u0151 elt\u00e1vol\u00edt\u00e1sa ut\u00e1n is l\u00e9trej\u00f6het. T\u00fcnetei: Sz\u00e1mos t\u00fcnettel rendelkezik, amik v\u00e1ltozatosan fordulnak el\u0151 a betegek k\u00f6z\u00f6tt. Ide tartoznak: lelki t\u00fcnetek: rossz k\u00f6z\u00e9rzet, idegess\u00e9g, fesz\u00fclts\u00e9g \u00e9rz\u00e9s, hangulat ingadoz\u00e1sa, leverts\u00e9g, feled\u00e9kenys\u00e9g, kognit\u00edv funkci\u00f3k roml\u00e1sa, koncentr\u00e1ci\u00f3s k\u00e9szs\u00e9g cs\u00f6kken\u00e9se testi t\u00fcnetek: az anyagcsere lassul\u00e1sa (sz\u00e9kreked\u00e9s; hirtelen, l\u00e1tsz\u00f3lag ok n\u00e9lk\u00fcli tests\u00falyn\u00f6veked\u00e9s), f\u00e1rad\u00e9konys\u00e1g, k\u00f6zben \u00e1lmatlans\u00e1g, kisz\u00e1radt b\u0151r, hajhull\u00e1s, hideg kezek, l\u00e1bak, menstru\u00e1ci\u00f3val kapcsolatos probl\u00e9m\u00e1k, term\u00e9kenys\u00e9gi probl\u00e9m\u00e1k, szexu\u00e1lis v\u00e1gy cs\u00f6kken\u00e9se. Diagn\u00f3zisa: v\u00e9rv\u00e9tellel diagnosztiz\u00e1lhat\u00f3. Leggyakrabban az al\u00e1bbiakat m\u00e9rik: TSH, fT3, fT4. B\u0151vebb le\u00edr\u00e1s a hormonokr\u00f3l itt olvashat\u00f3: A pajzsmirigy \u00e9s a hormonrendszer Kezel\u00e9se: hormonp\u00f3tl\u00e1ssal t\u00f6rt\u00e9nik. A szakorvos \u00e1ll\u00edtja be a megfelel\u0151 mennyis\u00e9get, amelyet v\u00e9rv\u00e9tellel t\u00f6bbsz\u00f6r ellen\u0151riznek. A gy\u00f3gyszer be\u00e1ll\u00edt\u00e1sa ut\u00e1n \u00e9vente kontroll v\u00e9rv\u00e9tel javasolt. Mivel kr\u00f3nikus betegs\u00e9g, a teljes gy\u00f3gyul\u00e1s nagyon ritka, azonban megfelel\u0151 kezel\u00e9ssel szinten tarthat\u00f3, \u00e9s t\u00fcnetmentes, teljes \u00e9let \u00e9lhet\u0151 vele.<\/p>","protected":false},"author":1,"featured_media":0,"parent":0,"menu_order":0,"comment_status":"closed","ping_status":"closed","template":"","meta":{"footnotes":""},"class_list":["post-36","page","type-page","status-publish","hentry"],"yoast_head":"<!-- This site is optimized with the Yoast SEO plugin v27.4 - https:\/\/yoast.com\/product\/yoast-seo-wordpress\/ -->\n<title>Pajzsmirigy alulm\u0171k\u00f6d\u00e9s (Hypotherosis) - Pajzsmirigy Pszichol\u00f3gia<\/title>\n<meta name=\"description\" content=\"M\u00e1s nevei: hypothyreosis, hipotire\u00f3zis. A pajzsmirigy alulm\u0171k\u00f6d\u00e9se miatt alacsony hormonszint l\u00e9p fel a szervezetben.\" \/>\n<meta name=\"robots\" content=\"index, follow, max-snippet:-1, max-image-preview:large, max-video-preview:-1\" \/>\n<link rel=\"canonical\" href=\"https:\/\/pajzsmirigypszichologia.hu\/en\/pajzsmirigy-alulmukodes-hypotherosis\/\" \/>\n<meta property=\"og:locale\" content=\"en_GB\" \/>\n<meta property=\"og:type\" content=\"article\" \/>\n<meta property=\"og:title\" content=\"Pajzsmirigy alulm\u0171k\u00f6d\u00e9s (Hypotherosis) - Pajzsmirigy Pszichol\u00f3gia\" \/>\n<meta property=\"og:description\" content=\"M\u00e1s nevei: hypothyreosis, hipotire\u00f3zis. A pajzsmirigy alulm\u0171k\u00f6d\u00e9se miatt alacsony hormonszint l\u00e9p fel a szervezetben.\" \/>\n<meta property=\"og:url\" content=\"https:\/\/pajzsmirigypszichologia.hu\/en\/pajzsmirigy-alulmukodes-hypotherosis\/\" \/>\n<meta property=\"og:site_name\" content=\"Pajzsmirigy Pszichol\u00f3gia\" \/>\n<meta property=\"article:modified_time\" content=\"2022-01-31T09:45:54+00:00\" \/>\n<meta name=\"twitter:card\" content=\"summary_large_image\" \/>\n<meta name=\"twitter:label1\" content=\"Estimated reading time\" \/>\n\t<meta name=\"twitter:data1\" content=\"2 minutes\" \/>\n<script type=\"application\/ld+json\" class=\"yoast-schema-graph\">{\"@context\":\"https:\\\/\\\/schema.org\",\"@graph\":[{\"@type\":\"WebPage\",\"@id\":\"https:\\\/\\\/pajzsmirigypszichologia.hu\\\/pajzsmirigy-alulmukodes-hypotherosis\\\/\",\"url\":\"https:\\\/\\\/pajzsmirigypszichologia.hu\\\/pajzsmirigy-alulmukodes-hypotherosis\\\/\",\"name\":\"Pajzsmirigy alulm\u0171k\u00f6d\u00e9s (Hypotherosis) - Pajzsmirigy Pszichol\u00f3gia\",\"isPartOf\":{\"@id\":\"https:\\\/\\\/pajzsmirigypszichologia.hu\\\/#website\"},\"datePublished\":\"2021-05-15T11:30:49+00:00\",\"dateModified\":\"2022-01-31T09:45:54+00:00\",\"description\":\"M\u00e1s nevei: hypothyreosis, hipotire\u00f3zis. A pajzsmirigy alulm\u0171k\u00f6d\u00e9se miatt alacsony hormonszint l\u00e9p fel a szervezetben.\",\"breadcrumb\":{\"@id\":\"https:\\\/\\\/pajzsmirigypszichologia.hu\\\/pajzsmirigy-alulmukodes-hypotherosis\\\/#breadcrumb\"},\"inLanguage\":\"en-GB\",\"potentialAction\":[{\"@type\":\"ReadAction\",\"target\":[\"https:\\\/\\\/pajzsmirigypszichologia.hu\\\/pajzsmirigy-alulmukodes-hypotherosis\\\/\"]}]},{\"@type\":\"BreadcrumbList\",\"@id\":\"https:\\\/\\\/pajzsmirigypszichologia.hu\\\/pajzsmirigy-alulmukodes-hypotherosis\\\/#breadcrumb\",\"itemListElement\":[{\"@type\":\"ListItem\",\"position\":1,\"name\":\"Kezd\u0151lap\",\"item\":\"https:\\\/\\\/pajzsmirigypszichologia.hu\\\/\"},{\"@type\":\"ListItem\",\"position\":2,\"name\":\"Pajzsmirigy alulm\u0171k\u00f6d\u00e9s (Hypotherosis)\"}]},{\"@type\":\"WebSite\",\"@id\":\"https:\\\/\\\/pajzsmirigypszichologia.hu\\\/#website\",\"url\":\"https:\\\/\\\/pajzsmirigypszichologia.hu\\\/\",\"name\":\"Pajzsmirigy Pszichol\u00f3gia\",\"description\":\"Pajzsmirigybetegek lelki eg\u00e9szs\u00e9g\u00e9r\u0151l\",\"publisher\":{\"@id\":\"https:\\\/\\\/pajzsmirigypszichologia.hu\\\/#\\\/schema\\\/person\\\/ada127288f79d621e52461983dc46da2\"},\"potentialAction\":[{\"@type\":\"SearchAction\",\"target\":{\"@type\":\"EntryPoint\",\"urlTemplate\":\"https:\\\/\\\/pajzsmirigypszichologia.hu\\\/?s={search_term_string}\"},\"query-input\":{\"@type\":\"PropertyValueSpecification\",\"valueRequired\":true,\"valueName\":\"search_term_string\"}}],\"inLanguage\":\"en-GB\"},{\"@type\":[\"Person\",\"Organization\"],\"@id\":\"https:\\\/\\\/pajzsmirigypszichologia.hu\\\/#\\\/schema\\\/person\\\/ada127288f79d621e52461983dc46da2\",\"name\":\"Kollerits Eliza\",\"image\":{\"@type\":\"ImageObject\",\"inLanguage\":\"en-GB\",\"@id\":\"https:\\\/\\\/pajzsmirigypszichologia.hu\\\/wp-content\\\/uploads\\\/2021\\\/05\\\/cropped-fejlec2.jpg\",\"url\":\"https:\\\/\\\/pajzsmirigypszichologia.hu\\\/wp-content\\\/uploads\\\/2021\\\/05\\\/cropped-fejlec2.jpg\",\"contentUrl\":\"https:\\\/\\\/pajzsmirigypszichologia.hu\\\/wp-content\\\/uploads\\\/2021\\\/05\\\/cropped-fejlec2.jpg\",\"width\":1124,\"height\":500,\"caption\":\"Kollerits Eliza\"},\"logo\":{\"@id\":\"https:\\\/\\\/pajzsmirigypszichologia.hu\\\/wp-content\\\/uploads\\\/2021\\\/05\\\/cropped-fejlec2.jpg\"},\"sameAs\":[\"https:\\\/\\\/pajzsmirigypszichologia.hu\"]}]}<\/script>\n<!-- \/ Yoast SEO plugin. -->","yoast_head_json":{"title":"Pajzsmirigy alulm\u0171k\u00f6d\u00e9s (Hypotherosis) - Pajzsmirigy Pszichol\u00f3gia","description":"M\u00e1s nevei: hypothyreosis, hipotire\u00f3zis. A pajzsmirigy alulm\u0171k\u00f6d\u00e9se miatt alacsony hormonszint l\u00e9p fel a szervezetben.","robots":{"index":"index","follow":"follow","max-snippet":"max-snippet:-1","max-image-preview":"max-image-preview:large","max-video-preview":"max-video-preview:-1"},"canonical":"https:\/\/pajzsmirigypszichologia.hu\/en\/pajzsmirigy-alulmukodes-hypotherosis\/","og_locale":"en_GB","og_type":"article","og_title":"Pajzsmirigy alulm\u0171k\u00f6d\u00e9s (Hypotherosis) - Pajzsmirigy Pszichol\u00f3gia","og_description":"M\u00e1s nevei: hypothyreosis, hipotire\u00f3zis. A pajzsmirigy alulm\u0171k\u00f6d\u00e9se miatt alacsony hormonszint l\u00e9p fel a szervezetben.","og_url":"https:\/\/pajzsmirigypszichologia.hu\/en\/pajzsmirigy-alulmukodes-hypotherosis\/","og_site_name":"Pajzsmirigy Pszichol\u00f3gia","article_modified_time":"2022-01-31T09:45:54+00:00","twitter_card":"summary_large_image","twitter_misc":{"Estimated reading time":"2 minutes"},"schema":{"@context":"https:\/\/schema.org","@graph":[{"@type":"WebPage","@id":"https:\/\/pajzsmirigypszichologia.hu\/pajzsmirigy-alulmukodes-hypotherosis\/","url":"https:\/\/pajzsmirigypszichologia.hu\/pajzsmirigy-alulmukodes-hypotherosis\/","name":"Pajzsmirigy alulm\u0171k\u00f6d\u00e9s (Hypotherosis) - Pajzsmirigy Pszichol\u00f3gia","isPartOf":{"@id":"https:\/\/pajzsmirigypszichologia.hu\/#website"},"datePublished":"2021-05-15T11:30:49+00:00","dateModified":"2022-01-31T09:45:54+00:00","description":"M\u00e1s nevei: hypothyreosis, hipotire\u00f3zis. A pajzsmirigy alulm\u0171k\u00f6d\u00e9se miatt alacsony hormonszint l\u00e9p fel a szervezetben.","breadcrumb":{"@id":"https:\/\/pajzsmirigypszichologia.hu\/pajzsmirigy-alulmukodes-hypotherosis\/#breadcrumb"},"inLanguage":"en-GB","potentialAction":[{"@type":"ReadAction","target":["https:\/\/pajzsmirigypszichologia.hu\/pajzsmirigy-alulmukodes-hypotherosis\/"]}]},{"@type":"BreadcrumbList","@id":"https:\/\/pajzsmirigypszichologia.hu\/pajzsmirigy-alulmukodes-hypotherosis\/#breadcrumb","itemListElement":[{"@type":"ListItem","position":1,"name":"Kezd\u0151lap","item":"https:\/\/pajzsmirigypszichologia.hu\/"},{"@type":"ListItem","position":2,"name":"Pajzsmirigy alulm\u0171k\u00f6d\u00e9s (Hypotherosis)"}]},{"@type":"WebSite","@id":"https:\/\/pajzsmirigypszichologia.hu\/#website","url":"https:\/\/pajzsmirigypszichologia.hu\/","name":"Thyroid Psychology","description":"Pajzsmirigybetegek lelki eg\u00e9szs\u00e9g\u00e9r\u0151l","publisher":{"@id":"https:\/\/pajzsmirigypszichologia.hu\/#\/schema\/person\/ada127288f79d621e52461983dc46da2"},"potentialAction":[{"@type":"SearchAction","target":{"@type":"EntryPoint","urlTemplate":"https:\/\/pajzsmirigypszichologia.hu\/?s={search_term_string}"},"query-input":{"@type":"PropertyValueSpecification","valueRequired":true,"valueName":"search_term_string"}}],"inLanguage":"en-GB"},{"@type":["Person","Organization"],"@id":"https:\/\/pajzsmirigypszichologia.hu\/#\/schema\/person\/ada127288f79d621e52461983dc46da2","name":"I'm Eliza Kollerits","image":{"@type":"ImageObject","inLanguage":"en-GB","@id":"https:\/\/pajzsmirigypszichologia.hu\/wp-content\/uploads\/2021\/05\/cropped-fejlec2.jpg","url":"https:\/\/pajzsmirigypszichologia.hu\/wp-content\/uploads\/2021\/05\/cropped-fejlec2.jpg","contentUrl":"https:\/\/pajzsmirigypszichologia.hu\/wp-content\/uploads\/2021\/05\/cropped-fejlec2.jpg","width":1124,"height":500,"caption":"Kollerits Eliza"},"logo":{"@id":"https:\/\/pajzsmirigypszichologia.hu\/wp-content\/uploads\/2021\/05\/cropped-fejlec2.jpg"},"sameAs":["https:\/\/pajzsmirigypszichologia.hu"]}]}},"_links":{"self":[{"href":"https:\/\/pajzsmirigypszichologia.hu\/en\/wp-json\/wp\/v2\/pages\/36","targetHints":{"allow":["GET"]}}],"collection":[{"href":"https:\/\/pajzsmirigypszichologia.hu\/en\/wp-json\/wp\/v2\/pages"}],"about":[{"href":"https:\/\/pajzsmirigypszichologia.hu\/en\/wp-json\/wp\/v2\/types\/page"}],"author":[{"embeddable":true,"href":"https:\/\/pajzsmirigypszichologia.hu\/en\/wp-json\/wp\/v2\/users\/1"}],"replies":[{"embeddable":true,"href":"https:\/\/pajzsmirigypszichologia.hu\/en\/wp-json\/wp\/v2\/comments?post=36"}],"version-history":[{"count":40,"href":"https:\/\/pajzsmirigypszichologia.hu\/en\/wp-json\/wp\/v2\/pages\/36\/revisions"}],"predecessor-version":[{"id":514,"href":"https:\/\/pajzsmirigypszichologia.hu\/en\/wp-json\/wp\/v2\/pages\/36\/revisions\/514"}],"wp:attachment":[{"href":"https:\/\/pajzsmirigypszichologia.hu\/en\/wp-json\/wp\/v2\/media?parent=36"}],"curies":[{"name":"wp","href":"https:\/\/api.w.org\/{rel}","templated":true}]}}