{"id":425,"date":"2022-01-13T18:14:10","date_gmt":"2022-01-13T18:14:10","guid":{"rendered":"https:\/\/pajzsmirigypszichologia.hu\/?page_id=425"},"modified":"2022-08-15T16:07:07","modified_gmt":"2022-08-15T16:07:07","slug":"pajzsmirigy-konyv-ajanlo","status":"publish","type":"page","link":"https:\/\/pajzsmirigypszichologia.hu\/en\/pajzsmirigy-konyv-ajanlo\/","title":{"rendered":"Recommended books"},"content":{"rendered":"<div data-elementor-type=\"wp-page\" data-elementor-id=\"425\" class=\"elementor elementor-425\">\n\t\t\t\t\t\t<section class=\"elementor-section elementor-top-section elementor-element elementor-element-74ee721 elementor-section-boxed elementor-section-height-default elementor-section-height-default\" data-id=\"74ee721\" data-element_type=\"section\" data-e-type=\"section\">\n\t\t\t\t\t\t<div class=\"elementor-container elementor-column-gap-default\">\n\t\t\t\t\t<div class=\"elementor-column elementor-col-100 elementor-top-column elementor-element elementor-element-3aaf548\" data-id=\"3aaf548\" data-element_type=\"column\" data-e-type=\"column\">\n\t\t\t<div class=\"elementor-widget-wrap elementor-element-populated\">\n\t\t\t\t\t\t<div class=\"elementor-element elementor-element-b8671fa elementor-widget__width-inherit elementor-drop-cap-yes elementor-drop-cap-view-default elementor-widget elementor-widget-text-editor\" data-id=\"b8671fa\" data-element_type=\"widget\" data-e-type=\"widget\" data-settings=\"{&quot;drop_cap&quot;:&quot;yes&quot;}\" data-widget_type=\"text-editor.default\">\n\t\t\t\t<div class=\"elementor-widget-container\">\n\t\t\t\t\t\t\t\t\t<p>As a newly diagnosed thyroid patient, any information can be important. On this page you will find short descriptions of books, English books and cookbooks (specifically for thyroid patients) in English and in Hungarian.<\/p><p><img fetchpriority=\"high\" decoding=\"async\" class=\"alignleft wp-image-427\" src=\"https:\/\/pajzsmirigypszichologia.hu\/wp-content\/uploads\/2022\/01\/pajzsmirigy_pszichologia_konyv_4-576x1024.png\" alt=\"\" width=\"253\" height=\"450\" srcset=\"https:\/\/pajzsmirigypszichologia.hu\/wp-content\/uploads\/2022\/01\/pajzsmirigy_pszichologia_konyv_4-576x1024.png 576w, https:\/\/pajzsmirigypszichologia.hu\/wp-content\/uploads\/2022\/01\/pajzsmirigy_pszichologia_konyv_4-169x300.png 169w, https:\/\/pajzsmirigypszichologia.hu\/wp-content\/uploads\/2022\/01\/pajzsmirigy_pszichologia_konyv_4-768x1365.png 768w, https:\/\/pajzsmirigypszichologia.hu\/wp-content\/uploads\/2022\/01\/pajzsmirigy_pszichologia_konyv_4-864x1536.png 864w, https:\/\/pajzsmirigypszichologia.hu\/wp-content\/uploads\/2022\/01\/pajzsmirigy_pszichologia_konyv_4.png 1080w\" sizes=\"(max-width: 253px) 100vw, 253px\" \/><img decoding=\"async\" class=\"alignleft wp-image-429\" src=\"https:\/\/pajzsmirigypszichologia.hu\/wp-content\/uploads\/2022\/01\/pajzsmirigy_pszichologia_konyv_2-169x300.png\" alt=\"\" width=\"253\" height=\"450\" srcset=\"https:\/\/pajzsmirigypszichologia.hu\/wp-content\/uploads\/2022\/01\/pajzsmirigy_pszichologia_konyv_2-169x300.png 169w, https:\/\/pajzsmirigypszichologia.hu\/wp-content\/uploads\/2022\/01\/pajzsmirigy_pszichologia_konyv_2-576x1024.png 576w, https:\/\/pajzsmirigypszichologia.hu\/wp-content\/uploads\/2022\/01\/pajzsmirigy_pszichologia_konyv_2-768x1365.png 768w, https:\/\/pajzsmirigypszichologia.hu\/wp-content\/uploads\/2022\/01\/pajzsmirigy_pszichologia_konyv_2-864x1536.png 864w, https:\/\/pajzsmirigypszichologia.hu\/wp-content\/uploads\/2022\/01\/pajzsmirigy_pszichologia_konyv_2.png 1080w\" sizes=\"(max-width: 253px) 100vw, 253px\" \/> <img decoding=\"async\" class=\"alignleft wp-image-430\" src=\"https:\/\/pajzsmirigypszichologia.hu\/wp-content\/uploads\/2022\/01\/pajzsmirigy_pszichologia_konyv_3-169x300.png\" alt=\"\" width=\"253\" height=\"450\" srcset=\"https:\/\/pajzsmirigypszichologia.hu\/wp-content\/uploads\/2022\/01\/pajzsmirigy_pszichologia_konyv_3-169x300.png 169w, https:\/\/pajzsmirigypszichologia.hu\/wp-content\/uploads\/2022\/01\/pajzsmirigy_pszichologia_konyv_3-576x1024.png 576w, https:\/\/pajzsmirigypszichologia.hu\/wp-content\/uploads\/2022\/01\/pajzsmirigy_pszichologia_konyv_3-768x1365.png 768w, https:\/\/pajzsmirigypszichologia.hu\/wp-content\/uploads\/2022\/01\/pajzsmirigy_pszichologia_konyv_3-864x1536.png 864w, https:\/\/pajzsmirigypszichologia.hu\/wp-content\/uploads\/2022\/01\/pajzsmirigy_pszichologia_konyv_3.png 1080w\" sizes=\"(max-width: 253px) 100vw, 253px\" \/> <img loading=\"lazy\" decoding=\"async\" class=\"alignleft wp-image-432\" src=\"https:\/\/pajzsmirigypszichologia.hu\/wp-content\/uploads\/2022\/01\/pajzsmirigy_pszichologia_konyv_5-169x300.png\" alt=\"\" width=\"253\" height=\"450\" srcset=\"https:\/\/pajzsmirigypszichologia.hu\/wp-content\/uploads\/2022\/01\/pajzsmirigy_pszichologia_konyv_5-169x300.png 169w, https:\/\/pajzsmirigypszichologia.hu\/wp-content\/uploads\/2022\/01\/pajzsmirigy_pszichologia_konyv_5-576x1024.png 576w, https:\/\/pajzsmirigypszichologia.hu\/wp-content\/uploads\/2022\/01\/pajzsmirigy_pszichologia_konyv_5-768x1365.png 768w, https:\/\/pajzsmirigypszichologia.hu\/wp-content\/uploads\/2022\/01\/pajzsmirigy_pszichologia_konyv_5-864x1536.png 864w, https:\/\/pajzsmirigypszichologia.hu\/wp-content\/uploads\/2022\/01\/pajzsmirigy_pszichologia_konyv_5.png 1080w\" sizes=\"(max-width: 253px) 100vw, 253px\" \/> <img loading=\"lazy\" decoding=\"async\" class=\"alignleft wp-image-436\" src=\"https:\/\/pajzsmirigypszichologia.hu\/wp-content\/uploads\/2022\/01\/pajzsmirigy_pszichologia_konyv_9-169x300.png\" alt=\"\" width=\"253\" height=\"450\" srcset=\"https:\/\/pajzsmirigypszichologia.hu\/wp-content\/uploads\/2022\/01\/pajzsmirigy_pszichologia_konyv_9-169x300.png 169w, https:\/\/pajzsmirigypszichologia.hu\/wp-content\/uploads\/2022\/01\/pajzsmirigy_pszichologia_konyv_9-576x1024.png 576w, https:\/\/pajzsmirigypszichologia.hu\/wp-content\/uploads\/2022\/01\/pajzsmirigy_pszichologia_konyv_9-768x1365.png 768w, https:\/\/pajzsmirigypszichologia.hu\/wp-content\/uploads\/2022\/01\/pajzsmirigy_pszichologia_konyv_9-864x1536.png 864w, https:\/\/pajzsmirigypszichologia.hu\/wp-content\/uploads\/2022\/01\/pajzsmirigy_pszichologia_konyv_9.png 1080w\" sizes=\"(max-width: 253px) 100vw, 253px\" \/> <img loading=\"lazy\" decoding=\"async\" class=\"alignleft wp-image-433\" src=\"https:\/\/pajzsmirigypszichologia.hu\/wp-content\/uploads\/2022\/01\/pajzsmirigy_pszichologia_konyv_6-169x300.png\" alt=\"\" width=\"253\" height=\"450\" srcset=\"https:\/\/pajzsmirigypszichologia.hu\/wp-content\/uploads\/2022\/01\/pajzsmirigy_pszichologia_konyv_6-169x300.png 169w, https:\/\/pajzsmirigypszichologia.hu\/wp-content\/uploads\/2022\/01\/pajzsmirigy_pszichologia_konyv_6-576x1024.png 576w, https:\/\/pajzsmirigypszichologia.hu\/wp-content\/uploads\/2022\/01\/pajzsmirigy_pszichologia_konyv_6-768x1365.png 768w, https:\/\/pajzsmirigypszichologia.hu\/wp-content\/uploads\/2022\/01\/pajzsmirigy_pszichologia_konyv_6-864x1536.png 864w, https:\/\/pajzsmirigypszichologia.hu\/wp-content\/uploads\/2022\/01\/pajzsmirigy_pszichologia_konyv_6.png 1080w\" sizes=\"(max-width: 253px) 100vw, 253px\" \/> <img loading=\"lazy\" decoding=\"async\" class=\"alignleft wp-image-434\" src=\"https:\/\/pajzsmirigypszichologia.hu\/wp-content\/uploads\/2022\/01\/pajzsmirigy_pszichologia_konyv_7-169x300.png\" alt=\"\" width=\"253\" height=\"450\" srcset=\"https:\/\/pajzsmirigypszichologia.hu\/wp-content\/uploads\/2022\/01\/pajzsmirigy_pszichologia_konyv_7-169x300.png 169w, https:\/\/pajzsmirigypszichologia.hu\/wp-content\/uploads\/2022\/01\/pajzsmirigy_pszichologia_konyv_7-576x1024.png 576w, https:\/\/pajzsmirigypszichologia.hu\/wp-content\/uploads\/2022\/01\/pajzsmirigy_pszichologia_konyv_7-768x1365.png 768w, https:\/\/pajzsmirigypszichologia.hu\/wp-content\/uploads\/2022\/01\/pajzsmirigy_pszichologia_konyv_7-864x1536.png 864w, https:\/\/pajzsmirigypszichologia.hu\/wp-content\/uploads\/2022\/01\/pajzsmirigy_pszichologia_konyv_7.png 1080w\" sizes=\"(max-width: 253px) 100vw, 253px\" \/> <img loading=\"lazy\" decoding=\"async\" class=\"alignleft wp-image-435\" src=\"https:\/\/pajzsmirigypszichologia.hu\/wp-content\/uploads\/2022\/01\/pajzsmirigy_pszichologia_konyv_8-169x300.png\" alt=\"\" width=\"253\" height=\"450\" srcset=\"https:\/\/pajzsmirigypszichologia.hu\/wp-content\/uploads\/2022\/01\/pajzsmirigy_pszichologia_konyv_8-169x300.png 169w, https:\/\/pajzsmirigypszichologia.hu\/wp-content\/uploads\/2022\/01\/pajzsmirigy_pszichologia_konyv_8-576x1024.png 576w, https:\/\/pajzsmirigypszichologia.hu\/wp-content\/uploads\/2022\/01\/pajzsmirigy_pszichologia_konyv_8-768x1365.png 768w, https:\/\/pajzsmirigypszichologia.hu\/wp-content\/uploads\/2022\/01\/pajzsmirigy_pszichologia_konyv_8-864x1536.png 864w, https:\/\/pajzsmirigypszichologia.hu\/wp-content\/uploads\/2022\/01\/pajzsmirigy_pszichologia_konyv_8.png 1080w\" sizes=\"(max-width: 253px) 100vw, 253px\" \/> <img loading=\"lazy\" decoding=\"async\" class=\"alignleft wp-image-428\" src=\"https:\/\/pajzsmirigypszichologia.hu\/wp-content\/uploads\/2022\/01\/pajzsmirigy_pszichologia_konyv_1-169x300.png\" alt=\"\" width=\"253\" height=\"450\" srcset=\"https:\/\/pajzsmirigypszichologia.hu\/wp-content\/uploads\/2022\/01\/pajzsmirigy_pszichologia_konyv_1-169x300.png 169w, https:\/\/pajzsmirigypszichologia.hu\/wp-content\/uploads\/2022\/01\/pajzsmirigy_pszichologia_konyv_1-576x1024.png 576w, https:\/\/pajzsmirigypszichologia.hu\/wp-content\/uploads\/2022\/01\/pajzsmirigy_pszichologia_konyv_1-768x1365.png 768w, https:\/\/pajzsmirigypszichologia.hu\/wp-content\/uploads\/2022\/01\/pajzsmirigy_pszichologia_konyv_1-864x1536.png 864w, https:\/\/pajzsmirigypszichologia.hu\/wp-content\/uploads\/2022\/01\/pajzsmirigy_pszichologia_konyv_1.png 1080w\" sizes=\"(max-width: 253px) 100vw, 253px\" \/>\u00a0<\/p>\t\t\t\t\t\t\t\t<\/div>\n\t\t\t\t<\/div>\n\t\t\t\t\t<\/div>\n\t\t<\/div>\n\t\t\t\t\t<\/div>\n\t\t<\/section>\n\t\t\t\t<\/div>","protected":false},"excerpt":{"rendered":"<p>As a newly diagnosed thyroid patient, any information can be important. On this page you will find short descriptions of books, English books and cookbooks (specifically for thyroid patients) in English and in Hungarian. \u00a0<\/p>","protected":false},"author":1,"featured_media":427,"parent":0,"menu_order":0,"comment_status":"closed","ping_status":"closed","template":"elementor_header_footer","meta":{"footnotes":""},"class_list":["post-425","page","type-page","status-publish","has-post-thumbnail","hentry"],"yoast_head":"<!-- This site is optimized with the Yoast SEO plugin v27.5 - https:\/\/yoast.com\/product\/yoast-seo-wordpress\/ -->\n<title>Aj\u00e1nlott k\u00f6nyvek - Pajzsmirigy Pszichol\u00f3gia<\/title>\n<meta name=\"description\" content=\"Frissen diagnosztiz\u00e1lt pajzsmirigybeteg? Itt megtal\u00e1lja az \u00f6sszes magyar k\u00f6nyvet a t\u00e9m\u00e1ban, r\u00f6vid \u00f6sszefoglal\u00f3kkal. Pajzsmirigy k\u00f6nyv...\" \/>\n<meta name=\"robots\" content=\"index, follow, max-snippet:-1, max-image-preview:large, max-video-preview:-1\" \/>\n<link rel=\"canonical\" href=\"https:\/\/pajzsmirigypszichologia.hu\/en\/pajzsmirigy-konyv-ajanlo\/\" \/>\n<meta property=\"og:locale\" content=\"en_GB\" \/>\n<meta property=\"og:type\" content=\"article\" \/>\n<meta property=\"og:title\" content=\"Aj\u00e1nlott k\u00f6nyvek - Pajzsmirigy Pszichol\u00f3gia\" \/>\n<meta property=\"og:description\" content=\"Frissen diagnosztiz\u00e1lt pajzsmirigybeteg? Itt megtal\u00e1lja az \u00f6sszes magyar k\u00f6nyvet a t\u00e9m\u00e1ban, r\u00f6vid \u00f6sszefoglal\u00f3kkal. Pajzsmirigy k\u00f6nyv...\" \/>\n<meta property=\"og:url\" content=\"https:\/\/pajzsmirigypszichologia.hu\/en\/pajzsmirigy-konyv-ajanlo\/\" \/>\n<meta property=\"og:site_name\" content=\"Pajzsmirigy Pszichol\u00f3gia\" \/>\n<meta property=\"article:modified_time\" content=\"2022-08-15T16:07:07+00:00\" \/>\n<meta property=\"og:image\" content=\"https:\/\/pajzsmirigypszichologia.hu\/wp-content\/uploads\/2022\/01\/pajzsmirigy_pszichologia_konyv_4.png\" \/>\n\t<meta property=\"og:image:width\" content=\"1080\" \/>\n\t<meta property=\"og:image:height\" content=\"1920\" \/>\n\t<meta property=\"og:image:type\" content=\"image\/png\" \/>\n<meta name=\"twitter:card\" content=\"summary_large_image\" \/>\n<meta name=\"twitter:label1\" content=\"Estimated reading time\" \/>\n\t<meta name=\"twitter:data1\" content=\"2 minutes\" \/>\n<script type=\"application\/ld+json\" class=\"yoast-schema-graph\">{\"@context\":\"https:\\\/\\\/schema.org\",\"@graph\":[{\"@type\":\"WebPage\",\"@id\":\"https:\\\/\\\/pajzsmirigypszichologia.hu\\\/pajzsmirigy-konyv-ajanlo\\\/\",\"url\":\"https:\\\/\\\/pajzsmirigypszichologia.hu\\\/pajzsmirigy-konyv-ajanlo\\\/\",\"name\":\"Aj\u00e1nlott k\u00f6nyvek - Pajzsmirigy Pszichol\u00f3gia\",\"isPartOf\":{\"@id\":\"https:\\\/\\\/pajzsmirigypszichologia.hu\\\/#website\"},\"primaryImageOfPage\":{\"@id\":\"https:\\\/\\\/pajzsmirigypszichologia.hu\\\/pajzsmirigy-konyv-ajanlo\\\/#primaryimage\"},\"image\":{\"@id\":\"https:\\\/\\\/pajzsmirigypszichologia.hu\\\/pajzsmirigy-konyv-ajanlo\\\/#primaryimage\"},\"thumbnailUrl\":\"https:\\\/\\\/pajzsmirigypszichologia.hu\\\/wp-content\\\/uploads\\\/2022\\\/01\\\/pajzsmirigy_pszichologia_konyv_4.png\",\"datePublished\":\"2022-01-13T18:14:10+00:00\",\"dateModified\":\"2022-08-15T16:07:07+00:00\",\"description\":\"Frissen diagnosztiz\u00e1lt pajzsmirigybeteg? Itt megtal\u00e1lja az \u00f6sszes magyar k\u00f6nyvet a t\u00e9m\u00e1ban, r\u00f6vid \u00f6sszefoglal\u00f3kkal. Pajzsmirigy k\u00f6nyv...\",\"breadcrumb\":{\"@id\":\"https:\\\/\\\/pajzsmirigypszichologia.hu\\\/pajzsmirigy-konyv-ajanlo\\\/#breadcrumb\"},\"inLanguage\":\"en-GB\",\"potentialAction\":[{\"@type\":\"ReadAction\",\"target\":[\"https:\\\/\\\/pajzsmirigypszichologia.hu\\\/pajzsmirigy-konyv-ajanlo\\\/\"]}]},{\"@type\":\"ImageObject\",\"inLanguage\":\"en-GB\",\"@id\":\"https:\\\/\\\/pajzsmirigypszichologia.hu\\\/pajzsmirigy-konyv-ajanlo\\\/#primaryimage\",\"url\":\"https:\\\/\\\/pajzsmirigypszichologia.hu\\\/wp-content\\\/uploads\\\/2022\\\/01\\\/pajzsmirigy_pszichologia_konyv_4.png\",\"contentUrl\":\"https:\\\/\\\/pajzsmirigypszichologia.hu\\\/wp-content\\\/uploads\\\/2022\\\/01\\\/pajzsmirigy_pszichologia_konyv_4.png\",\"width\":1080,\"height\":1920},{\"@type\":\"BreadcrumbList\",\"@id\":\"https:\\\/\\\/pajzsmirigypszichologia.hu\\\/pajzsmirigy-konyv-ajanlo\\\/#breadcrumb\",\"itemListElement\":[{\"@type\":\"ListItem\",\"position\":1,\"name\":\"Kezd\u0151lap\",\"item\":\"https:\\\/\\\/pajzsmirigypszichologia.hu\\\/\"},{\"@type\":\"ListItem\",\"position\":2,\"name\":\"Aj\u00e1nlott k\u00f6nyvek\"}]},{\"@type\":\"WebSite\",\"@id\":\"https:\\\/\\\/pajzsmirigypszichologia.hu\\\/#website\",\"url\":\"https:\\\/\\\/pajzsmirigypszichologia.hu\\\/\",\"name\":\"Pajzsmirigy Pszichol\u00f3gia\",\"description\":\"Pajzsmirigybetegek lelki eg\u00e9szs\u00e9g\u00e9r\u0151l\",\"publisher\":{\"@id\":\"https:\\\/\\\/pajzsmirigypszichologia.hu\\\/#\\\/schema\\\/person\\\/ada127288f79d621e52461983dc46da2\"},\"potentialAction\":[{\"@type\":\"SearchAction\",\"target\":{\"@type\":\"EntryPoint\",\"urlTemplate\":\"https:\\\/\\\/pajzsmirigypszichologia.hu\\\/?s={search_term_string}\"},\"query-input\":{\"@type\":\"PropertyValueSpecification\",\"valueRequired\":true,\"valueName\":\"search_term_string\"}}],\"inLanguage\":\"en-GB\"},{\"@type\":[\"Person\",\"Organization\"],\"@id\":\"https:\\\/\\\/pajzsmirigypszichologia.hu\\\/#\\\/schema\\\/person\\\/ada127288f79d621e52461983dc46da2\",\"name\":\"Kollerits Eliza\",\"image\":{\"@type\":\"ImageObject\",\"inLanguage\":\"en-GB\",\"@id\":\"https:\\\/\\\/pajzsmirigypszichologia.hu\\\/wp-content\\\/uploads\\\/2021\\\/05\\\/cropped-fejlec2.jpg\",\"url\":\"https:\\\/\\\/pajzsmirigypszichologia.hu\\\/wp-content\\\/uploads\\\/2021\\\/05\\\/cropped-fejlec2.jpg\",\"contentUrl\":\"https:\\\/\\\/pajzsmirigypszichologia.hu\\\/wp-content\\\/uploads\\\/2021\\\/05\\\/cropped-fejlec2.jpg\",\"width\":1124,\"height\":500,\"caption\":\"Kollerits Eliza\"},\"logo\":{\"@id\":\"https:\\\/\\\/pajzsmirigypszichologia.hu\\\/wp-content\\\/uploads\\\/2021\\\/05\\\/cropped-fejlec2.jpg\"},\"sameAs\":[\"https:\\\/\\\/pajzsmirigypszichologia.hu\"]}]}<\/script>\n<!-- \/ Yoast SEO plugin. -->","yoast_head_json":{"title":"Aj\u00e1nlott k\u00f6nyvek - Pajzsmirigy Pszichol\u00f3gia","description":"Frissen diagnosztiz\u00e1lt pajzsmirigybeteg? Itt megtal\u00e1lja az \u00f6sszes magyar k\u00f6nyvet a t\u00e9m\u00e1ban, r\u00f6vid \u00f6sszefoglal\u00f3kkal. Pajzsmirigy k\u00f6nyv...","robots":{"index":"index","follow":"follow","max-snippet":"max-snippet:-1","max-image-preview":"max-image-preview:large","max-video-preview":"max-video-preview:-1"},"canonical":"https:\/\/pajzsmirigypszichologia.hu\/en\/pajzsmirigy-konyv-ajanlo\/","og_locale":"en_GB","og_type":"article","og_title":"Aj\u00e1nlott k\u00f6nyvek - Pajzsmirigy Pszichol\u00f3gia","og_description":"Frissen diagnosztiz\u00e1lt pajzsmirigybeteg? Itt megtal\u00e1lja az \u00f6sszes magyar k\u00f6nyvet a t\u00e9m\u00e1ban, r\u00f6vid \u00f6sszefoglal\u00f3kkal. Pajzsmirigy k\u00f6nyv...","og_url":"https:\/\/pajzsmirigypszichologia.hu\/en\/pajzsmirigy-konyv-ajanlo\/","og_site_name":"Pajzsmirigy Pszichol\u00f3gia","article_modified_time":"2022-08-15T16:07:07+00:00","og_image":[{"width":1080,"height":1920,"url":"https:\/\/pajzsmirigypszichologia.hu\/wp-content\/uploads\/2022\/01\/pajzsmirigy_pszichologia_konyv_4.png","type":"image\/png"}],"twitter_card":"summary_large_image","twitter_misc":{"Estimated reading time":"2 minutes"},"schema":{"@context":"https:\/\/schema.org","@graph":[{"@type":"WebPage","@id":"https:\/\/pajzsmirigypszichologia.hu\/pajzsmirigy-konyv-ajanlo\/","url":"https:\/\/pajzsmirigypszichologia.hu\/pajzsmirigy-konyv-ajanlo\/","name":"Aj\u00e1nlott k\u00f6nyvek - Pajzsmirigy Pszichol\u00f3gia","isPartOf":{"@id":"https:\/\/pajzsmirigypszichologia.hu\/#website"},"primaryImageOfPage":{"@id":"https:\/\/pajzsmirigypszichologia.hu\/pajzsmirigy-konyv-ajanlo\/#primaryimage"},"image":{"@id":"https:\/\/pajzsmirigypszichologia.hu\/pajzsmirigy-konyv-ajanlo\/#primaryimage"},"thumbnailUrl":"https:\/\/pajzsmirigypszichologia.hu\/wp-content\/uploads\/2022\/01\/pajzsmirigy_pszichologia_konyv_4.png","datePublished":"2022-01-13T18:14:10+00:00","dateModified":"2022-08-15T16:07:07+00:00","description":"Frissen diagnosztiz\u00e1lt pajzsmirigybeteg? Itt megtal\u00e1lja az \u00f6sszes magyar k\u00f6nyvet a t\u00e9m\u00e1ban, r\u00f6vid \u00f6sszefoglal\u00f3kkal. Pajzsmirigy k\u00f6nyv...","breadcrumb":{"@id":"https:\/\/pajzsmirigypszichologia.hu\/pajzsmirigy-konyv-ajanlo\/#breadcrumb"},"inLanguage":"en-GB","potentialAction":[{"@type":"ReadAction","target":["https:\/\/pajzsmirigypszichologia.hu\/pajzsmirigy-konyv-ajanlo\/"]}]},{"@type":"ImageObject","inLanguage":"en-GB","@id":"https:\/\/pajzsmirigypszichologia.hu\/pajzsmirigy-konyv-ajanlo\/#primaryimage","url":"https:\/\/pajzsmirigypszichologia.hu\/wp-content\/uploads\/2022\/01\/pajzsmirigy_pszichologia_konyv_4.png","contentUrl":"https:\/\/pajzsmirigypszichologia.hu\/wp-content\/uploads\/2022\/01\/pajzsmirigy_pszichologia_konyv_4.png","width":1080,"height":1920},{"@type":"BreadcrumbList","@id":"https:\/\/pajzsmirigypszichologia.hu\/pajzsmirigy-konyv-ajanlo\/#breadcrumb","itemListElement":[{"@type":"ListItem","position":1,"name":"Kezd\u0151lap","item":"https:\/\/pajzsmirigypszichologia.hu\/"},{"@type":"ListItem","position":2,"name":"Aj\u00e1nlott k\u00f6nyvek"}]},{"@type":"WebSite","@id":"https:\/\/pajzsmirigypszichologia.hu\/#website","url":"https:\/\/pajzsmirigypszichologia.hu\/","name":"Thyroid Psychology","description":"Pajzsmirigybetegek lelki eg\u00e9szs\u00e9g\u00e9r\u0151l","publisher":{"@id":"https:\/\/pajzsmirigypszichologia.hu\/#\/schema\/person\/ada127288f79d621e52461983dc46da2"},"potentialAction":[{"@type":"SearchAction","target":{"@type":"EntryPoint","urlTemplate":"https:\/\/pajzsmirigypszichologia.hu\/?s={search_term_string}"},"query-input":{"@type":"PropertyValueSpecification","valueRequired":true,"valueName":"search_term_string"}}],"inLanguage":"en-GB"},{"@type":["Person","Organization"],"@id":"https:\/\/pajzsmirigypszichologia.hu\/#\/schema\/person\/ada127288f79d621e52461983dc46da2","name":"I'm Eliza Kollerits","image":{"@type":"ImageObject","inLanguage":"en-GB","@id":"https:\/\/pajzsmirigypszichologia.hu\/wp-content\/uploads\/2021\/05\/cropped-fejlec2.jpg","url":"https:\/\/pajzsmirigypszichologia.hu\/wp-content\/uploads\/2021\/05\/cropped-fejlec2.jpg","contentUrl":"https:\/\/pajzsmirigypszichologia.hu\/wp-content\/uploads\/2021\/05\/cropped-fejlec2.jpg","width":1124,"height":500,"caption":"Kollerits Eliza"},"logo":{"@id":"https:\/\/pajzsmirigypszichologia.hu\/wp-content\/uploads\/2021\/05\/cropped-fejlec2.jpg"},"sameAs":["https:\/\/pajzsmirigypszichologia.hu"]}]}},"_links":{"self":[{"href":"https:\/\/pajzsmirigypszichologia.hu\/en\/wp-json\/wp\/v2\/pages\/425","targetHints":{"allow":["GET"]}}],"collection":[{"href":"https:\/\/pajzsmirigypszichologia.hu\/en\/wp-json\/wp\/v2\/pages"}],"about":[{"href":"https:\/\/pajzsmirigypszichologia.hu\/en\/wp-json\/wp\/v2\/types\/page"}],"author":[{"embeddable":true,"href":"https:\/\/pajzsmirigypszichologia.hu\/en\/wp-json\/wp\/v2\/users\/1"}],"replies":[{"embeddable":true,"href":"https:\/\/pajzsmirigypszichologia.hu\/en\/wp-json\/wp\/v2\/comments?post=425"}],"version-history":[{"count":57,"href":"https:\/\/pajzsmirigypszichologia.hu\/en\/wp-json\/wp\/v2\/pages\/425\/revisions"}],"predecessor-version":[{"id":802,"href":"https:\/\/pajzsmirigypszichologia.hu\/en\/wp-json\/wp\/v2\/pages\/425\/revisions\/802"}],"wp:featuredmedia":[{"embeddable":true,"href":"https:\/\/pajzsmirigypszichologia.hu\/en\/wp-json\/wp\/v2\/media\/427"}],"wp:attachment":[{"href":"https:\/\/pajzsmirigypszichologia.hu\/en\/wp-json\/wp\/v2\/media?parent=425"}],"curies":[{"name":"wp","href":"https:\/\/api.w.org\/{rel}","templated":true}]}}