{"id":72,"date":"2021-05-15T12:42:58","date_gmt":"2021-05-15T12:42:58","guid":{"rendered":"https:\/\/pajzsmirigypszichologia.hu\/?page_id=72"},"modified":"2022-02-14T16:12:19","modified_gmt":"2022-02-14T16:12:19","slug":"hashimoto-thyreoditis","status":"publish","type":"page","link":"https:\/\/pajzsmirigypszichologia.hu\/en\/hashimoto-thyreoditis\/","title":{"rendered":"Hashimoto-thyreoditis"},"content":{"rendered":"<div data-elementor-type=\"wp-page\" data-elementor-id=\"72\" class=\"elementor elementor-72\">\n\t\t\t\t\t\t<section class=\"elementor-section elementor-top-section elementor-element elementor-element-9ef53c5 elementor-section-boxed elementor-section-height-default elementor-section-height-default\" data-id=\"9ef53c5\" data-element_type=\"section\" data-e-type=\"section\">\n\t\t\t\t\t\t<div class=\"elementor-container elementor-column-gap-default\">\n\t\t\t\t\t<div class=\"elementor-column elementor-col-100 elementor-top-column elementor-element elementor-element-6299069\" data-id=\"6299069\" data-element_type=\"column\" data-e-type=\"column\">\n\t\t\t<div class=\"elementor-widget-wrap elementor-element-populated\">\n\t\t\t\t\t\t<div class=\"elementor-element elementor-element-4f22211 elementor-drop-cap-yes elementor-drop-cap-view-default elementor-widget elementor-widget-text-editor\" data-id=\"4f22211\" data-element_type=\"widget\" data-e-type=\"widget\" data-settings=\"{&quot;drop_cap&quot;:&quot;yes&quot;}\" data-widget_type=\"text-editor.default\">\n\t\t\t\t<div class=\"elementor-widget-container\">\n\t\t\t\t\t\t\t\t\t<p>Thyroid diseases include Hashimoto's thyroiditis. It also goes by the following names: Hashimoto's disease, autoimmune hypothyroidism, thyroiditis. It is a disease in which inflammation of the thyroid gland causes an alteration in the function of the thyroid gland. The disease is often hidden at first, and only other complaints (e.g. period problems) draw the attention of the doctor.<\/p><p class=\"translation-block\">Onset: the disease is autoimmune in origin, so its pathogenesis is not clear. The word \"autoimmune\" means when your body launches an immune response against a structure normally found in the body (in this case, the thyroid gland).<\/p><p>The development of Hashimoto's thyroiditis can be divided into four parts:<\/p><ol><li class=\"translation-block\">Overactive stage: also known as hyperfunctioning stage. Hyperthyroidism occurs because the autoimmune response causes the body to destroy thyroid cells. So fewer cells start producing hormones more intensively.<\/li><li class=\"translation-block\">Underactive stage: in the hypofunctional stage, cells die to the extent that they can no longer produce enough hormones.<\/li><li class=\"translation-block\">Regeneration stage: the body is trying to regenerate.<\/li><li class=\"translation-block\">Final stage: if the regeneration stage is successful, a euthyroid state may develop. This means that the thyroid gland returns to normal function. If the regeneration stage is unsuccessful, an underactive state will occur. The majority of patients experience this.<\/li><\/ol><p><strong>Symptoms include: <\/strong><\/p><ul><li>hair loss<\/li><li>fatique<\/li><li>irritability<\/li><li>weight gain<\/li><li>concentration difficulties<\/li><\/ul><p class=\"translation-block\">Diagnosis: primarily by blood test. In addition to the usually monitored levels (TSH, fT4, fT3), it is important to test for anti-TPO in the blood. Anti-TPO stands for antibody to thyroid peroxidase (a marker of autoimmune processes). Diagnosis can also be made by ultrasound or biopsy (tissue sampling).<\/p><p class=\"translation-block\">Treatment: if the inflammation is already underway, it is usually unstoppable (inflammation can be detected by anti-TPO levels). Inflammation will eventually lead to the death of the thyroid gland (although in the initial phase, overactive thyroid glands are often seen). The end result is underactivity, which can be treated with hormone replacement, as in hypothyroidism. As a chronic disease, it can be controlled with appropriate treatment and can be lived as a symptom-free, fulfilling life.<\/p>\t\t\t\t\t\t\t\t<\/div>\n\t\t\t\t<\/div>\n\t\t\t\t\t<\/div>\n\t\t<\/div>\n\t\t\t\t\t<\/div>\n\t\t<\/section>\n\t\t\t\t<\/div>","protected":false},"excerpt":{"rendered":"<p>A pajzsmirigy megbeteged\u00e9sei k\u00f6z\u00e9 tartozik a Hashimoto-thyreoditis. Az al\u00e1bbi neveken tal\u00e1lkozhatunk m\u00e9g vele: Hashimoto-k\u00f3r, autoimmun pajzsmirigy alulm\u0171k\u00f6d\u00e9s, pajzsmirigy gyullad\u00e1s. A betegs\u00e9g l\u00e9nyege, hogy a pajzsmirigy gyullad\u00e1sa miatt megv\u00e1ltozik a pajzsmirigy m\u0171k\u00f6d\u00e9se. Kezdetben gyakran rejtett a betegs\u00e9g, \u00e9s csak m\u00e1s panaszok terelik a kezel\u0151orvos figyelm\u00e9t a ter\u00fcletre (pl. menstru\u00e1ci\u00f3s probl\u00e9m\u00e1k). Kialakul\u00e1sa: A betegs\u00e9g autoimmun eredet\u0171, \u00edgy a kialakul\u00e1sa nem egy\u00e9rtelm\u0171. Az autoimmun sz\u00f3 jelent\u00e9se: amikor a test\u00fcnk immunv\u00e1laszt ind\u00edt a szervezetben norm\u00e1lisan is megtal\u00e1lhat\u00f3 valamilyen strukt\u00fara ellen (jelen esetben a pajzsmirigy ellen). A Hashimoto-thyreoditis kialakul\u00e1s\u00e1t n\u00e9gy r\u00e9szre lehet bontani: T\u00falm\u0171k\u00f6d\u0151 st\u00e1dium: m\u00e1s n\u00e9ven hyperfunkci\u00f3s szakasz. A t\u00falm\u0171k\u00f6d\u00e9s az\u00e9rt j\u00f6n l\u00e9tre, mert az autoimmun reakci\u00f3 miatt a test puszt\u00edtani kezdi a pajzsmirigy sejtjeit. \u00cdgy a kevesebb sejt intenz\u00edvebben kezd hormont termelni. Alulm\u0171k\u00f6d\u0151 st\u00e1dium: a hypofunkci\u00f3s szakaszban a sejtek pusztul\u00e1sa olyan m\u00e9rt\u00e9k\u0171, hogy m\u00e1r nem tudnak el\u00e9g hormont termelni. Regener\u00e1ci\u00f3s st\u00e1dium: a test regener\u00e1l\u00f3dni pr\u00f3b\u00e1l. V\u00e9gleges st\u00e1dium: ha a regener\u00e1ci\u00f3s szakasz sikeres, akkor kialakulhat egy euthyroid \u00e1llapot. Ennek jelent\u00e9se, hogy a pajzsmirigy norm\u00e1l m\u0171k\u00f6d\u00e9sre \u00e1ll vissza. Ha a regener\u00e1ci\u00f3s szakasz sikertelen, akkor egy alulm\u0171k\u00f6d\u00e9ses \u00e1llapot \u00e1ll be. A betegek t\u00f6bbs\u00e9ge ezt tapasztalja. T\u00fcnetei: hajhull\u00e1s f\u00e1rad\u00e9konys\u00e1g ingerl\u00e9kenys\u00e9g h\u00edz\u00e9konys\u00e1g koncentr\u00e1ci\u00f3s zavarok Diagn\u00f3zisa: Els\u0151sorban v\u00e9rv\u00e9tellel t\u00f6rt\u00e9nik. Az \u00e1ltal\u00e1ban ellen\u0151rz\u00f6tt szintek (TSH, fT4, fT3) mellett az anti-TPO v\u00e9rb\u0151l t\u00f6rt\u00e9n\u0151 vizsg\u00e1lata is fontos. Az anti-TPO jelent\u00e9se: antitest a thyreoidea-peroxid\u00e1z ellen (az autoimmun folyamatok jelz\u0151je). Diagn\u00f3zis t\u00f6rt\u00e9nhet tov\u00e1bb\u00e1 ultrahanggal, vagy biopszi\u00e1val (sz\u00f6vet mintav\u00e9tel) is. Kezel\u00e9se: ha a gyullad\u00e1s m\u00e1r folyamatban van, akkor nem meg\u00e1ll\u00edthat\u00f3 (a gyullad\u00e1st az anti-TPO szinttel lehet kimutatni). A gyullad\u00e1s hat\u00e1s\u00e1ra a pajzsmirigy pusztul\u00e1sa el\u0151bb-ut\u00f3bb bek\u00f6vetkezik (annak ellen\u00e9re, hogy a kezdeti f\u00e1zisban t\u00f6bb esetben t\u00falm\u0171k\u00f6d\u00e9s l\u00e1that\u00f3). \u00cdgy a folyamat v\u00e9ge alulm\u0171k\u00f6d\u00e9s, ami hormonp\u00f3tl\u00e1ssal kezelhet\u0151, \u00fagy, mint a hypothyreosis eset\u00e9ben. Mivel kr\u00f3nikus betegs\u00e9g megfelel\u0151 kezel\u00e9ssel szinten tarthat\u00f3, \u00e9s t\u00fcnetmentes, teljes \u00e9let \u00e9lhet\u0151 vele.<\/p>","protected":false},"author":1,"featured_media":0,"parent":0,"menu_order":0,"comment_status":"closed","ping_status":"closed","template":"","meta":{"footnotes":""},"class_list":["post-72","page","type-page","status-publish","hentry"],"yoast_head":"<!-- This site is optimized with the Yoast SEO plugin v27.5 - https:\/\/yoast.com\/product\/yoast-seo-wordpress\/ -->\n<title>Hashimoto-thyreoditis - Pajzsmirigy Pszichol\u00f3gia<\/title>\n<meta name=\"description\" content=\"A pajzsmirigy megbeteged\u00e9sei k\u00f6z\u00e9 tartozik a Hashimoto-thyreoditis. Az al\u00e1bbi neveken tal\u00e1lkozhatunk m\u00e9g vele: Hashimoto-k\u00f3r, autoimmun ...\" \/>\n<meta name=\"robots\" content=\"index, follow, max-snippet:-1, max-image-preview:large, max-video-preview:-1\" \/>\n<link rel=\"canonical\" href=\"https:\/\/pajzsmirigypszichologia.hu\/en\/hashimoto-thyreoditis\/\" \/>\n<meta property=\"og:locale\" content=\"en_GB\" \/>\n<meta property=\"og:type\" content=\"article\" \/>\n<meta property=\"og:title\" content=\"Hashimoto-thyreoditis - Pajzsmirigy Pszichol\u00f3gia\" \/>\n<meta property=\"og:description\" content=\"A pajzsmirigy megbeteged\u00e9sei k\u00f6z\u00e9 tartozik a Hashimoto-thyreoditis. Az al\u00e1bbi neveken tal\u00e1lkozhatunk m\u00e9g vele: Hashimoto-k\u00f3r, autoimmun ...\" \/>\n<meta property=\"og:url\" content=\"https:\/\/pajzsmirigypszichologia.hu\/en\/hashimoto-thyreoditis\/\" \/>\n<meta property=\"og:site_name\" content=\"Pajzsmirigy Pszichol\u00f3gia\" \/>\n<meta property=\"article:modified_time\" content=\"2022-02-14T16:12:19+00:00\" \/>\n<meta name=\"twitter:card\" content=\"summary_large_image\" \/>\n<meta name=\"twitter:label1\" content=\"Estimated reading time\" \/>\n\t<meta name=\"twitter:data1\" content=\"2 minutes\" \/>\n<script type=\"application\/ld+json\" class=\"yoast-schema-graph\">{\"@context\":\"https:\\\/\\\/schema.org\",\"@graph\":[{\"@type\":\"WebPage\",\"@id\":\"https:\\\/\\\/pajzsmirigypszichologia.hu\\\/hashimoto-thyreoditis\\\/\",\"url\":\"https:\\\/\\\/pajzsmirigypszichologia.hu\\\/hashimoto-thyreoditis\\\/\",\"name\":\"Hashimoto-thyreoditis - Pajzsmirigy Pszichol\u00f3gia\",\"isPartOf\":{\"@id\":\"https:\\\/\\\/pajzsmirigypszichologia.hu\\\/#website\"},\"datePublished\":\"2021-05-15T12:42:58+00:00\",\"dateModified\":\"2022-02-14T16:12:19+00:00\",\"description\":\"A pajzsmirigy megbeteged\u00e9sei k\u00f6z\u00e9 tartozik a Hashimoto-thyreoditis. Az al\u00e1bbi neveken tal\u00e1lkozhatunk m\u00e9g vele: Hashimoto-k\u00f3r, autoimmun ...\",\"breadcrumb\":{\"@id\":\"https:\\\/\\\/pajzsmirigypszichologia.hu\\\/hashimoto-thyreoditis\\\/#breadcrumb\"},\"inLanguage\":\"en-GB\",\"potentialAction\":[{\"@type\":\"ReadAction\",\"target\":[\"https:\\\/\\\/pajzsmirigypszichologia.hu\\\/hashimoto-thyreoditis\\\/\"]}]},{\"@type\":\"BreadcrumbList\",\"@id\":\"https:\\\/\\\/pajzsmirigypszichologia.hu\\\/hashimoto-thyreoditis\\\/#breadcrumb\",\"itemListElement\":[{\"@type\":\"ListItem\",\"position\":1,\"name\":\"Kezd\u0151lap\",\"item\":\"https:\\\/\\\/pajzsmirigypszichologia.hu\\\/\"},{\"@type\":\"ListItem\",\"position\":2,\"name\":\"Hashimoto-thyreoditis\"}]},{\"@type\":\"WebSite\",\"@id\":\"https:\\\/\\\/pajzsmirigypszichologia.hu\\\/#website\",\"url\":\"https:\\\/\\\/pajzsmirigypszichologia.hu\\\/\",\"name\":\"Pajzsmirigy Pszichol\u00f3gia\",\"description\":\"Pajzsmirigybetegek lelki eg\u00e9szs\u00e9g\u00e9r\u0151l\",\"publisher\":{\"@id\":\"https:\\\/\\\/pajzsmirigypszichologia.hu\\\/#\\\/schema\\\/person\\\/ada127288f79d621e52461983dc46da2\"},\"potentialAction\":[{\"@type\":\"SearchAction\",\"target\":{\"@type\":\"EntryPoint\",\"urlTemplate\":\"https:\\\/\\\/pajzsmirigypszichologia.hu\\\/?s={search_term_string}\"},\"query-input\":{\"@type\":\"PropertyValueSpecification\",\"valueRequired\":true,\"valueName\":\"search_term_string\"}}],\"inLanguage\":\"en-GB\"},{\"@type\":[\"Person\",\"Organization\"],\"@id\":\"https:\\\/\\\/pajzsmirigypszichologia.hu\\\/#\\\/schema\\\/person\\\/ada127288f79d621e52461983dc46da2\",\"name\":\"Kollerits Eliza\",\"image\":{\"@type\":\"ImageObject\",\"inLanguage\":\"en-GB\",\"@id\":\"https:\\\/\\\/pajzsmirigypszichologia.hu\\\/wp-content\\\/uploads\\\/2021\\\/05\\\/cropped-fejlec2.jpg\",\"url\":\"https:\\\/\\\/pajzsmirigypszichologia.hu\\\/wp-content\\\/uploads\\\/2021\\\/05\\\/cropped-fejlec2.jpg\",\"contentUrl\":\"https:\\\/\\\/pajzsmirigypszichologia.hu\\\/wp-content\\\/uploads\\\/2021\\\/05\\\/cropped-fejlec2.jpg\",\"width\":1124,\"height\":500,\"caption\":\"Kollerits Eliza\"},\"logo\":{\"@id\":\"https:\\\/\\\/pajzsmirigypszichologia.hu\\\/wp-content\\\/uploads\\\/2021\\\/05\\\/cropped-fejlec2.jpg\"},\"sameAs\":[\"https:\\\/\\\/pajzsmirigypszichologia.hu\"]}]}<\/script>\n<!-- \/ Yoast SEO plugin. -->","yoast_head_json":{"title":"Hashimoto-thyreoditis - Pajzsmirigy Pszichol\u00f3gia","description":"A pajzsmirigy megbeteged\u00e9sei k\u00f6z\u00e9 tartozik a Hashimoto-thyreoditis. Az al\u00e1bbi neveken tal\u00e1lkozhatunk m\u00e9g vele: Hashimoto-k\u00f3r, autoimmun ...","robots":{"index":"index","follow":"follow","max-snippet":"max-snippet:-1","max-image-preview":"max-image-preview:large","max-video-preview":"max-video-preview:-1"},"canonical":"https:\/\/pajzsmirigypszichologia.hu\/en\/hashimoto-thyreoditis\/","og_locale":"en_GB","og_type":"article","og_title":"Hashimoto-thyreoditis - Pajzsmirigy Pszichol\u00f3gia","og_description":"A pajzsmirigy megbeteged\u00e9sei k\u00f6z\u00e9 tartozik a Hashimoto-thyreoditis. Az al\u00e1bbi neveken tal\u00e1lkozhatunk m\u00e9g vele: Hashimoto-k\u00f3r, autoimmun ...","og_url":"https:\/\/pajzsmirigypszichologia.hu\/en\/hashimoto-thyreoditis\/","og_site_name":"Pajzsmirigy Pszichol\u00f3gia","article_modified_time":"2022-02-14T16:12:19+00:00","twitter_card":"summary_large_image","twitter_misc":{"Estimated reading time":"2 minutes"},"schema":{"@context":"https:\/\/schema.org","@graph":[{"@type":"WebPage","@id":"https:\/\/pajzsmirigypszichologia.hu\/hashimoto-thyreoditis\/","url":"https:\/\/pajzsmirigypszichologia.hu\/hashimoto-thyreoditis\/","name":"Hashimoto-thyreoditis - Pajzsmirigy Pszichol\u00f3gia","isPartOf":{"@id":"https:\/\/pajzsmirigypszichologia.hu\/#website"},"datePublished":"2021-05-15T12:42:58+00:00","dateModified":"2022-02-14T16:12:19+00:00","description":"A pajzsmirigy megbeteged\u00e9sei k\u00f6z\u00e9 tartozik a Hashimoto-thyreoditis. Az al\u00e1bbi neveken tal\u00e1lkozhatunk m\u00e9g vele: Hashimoto-k\u00f3r, autoimmun ...","breadcrumb":{"@id":"https:\/\/pajzsmirigypszichologia.hu\/hashimoto-thyreoditis\/#breadcrumb"},"inLanguage":"en-GB","potentialAction":[{"@type":"ReadAction","target":["https:\/\/pajzsmirigypszichologia.hu\/hashimoto-thyreoditis\/"]}]},{"@type":"BreadcrumbList","@id":"https:\/\/pajzsmirigypszichologia.hu\/hashimoto-thyreoditis\/#breadcrumb","itemListElement":[{"@type":"ListItem","position":1,"name":"Kezd\u0151lap","item":"https:\/\/pajzsmirigypszichologia.hu\/"},{"@type":"ListItem","position":2,"name":"Hashimoto-thyreoditis"}]},{"@type":"WebSite","@id":"https:\/\/pajzsmirigypszichologia.hu\/#website","url":"https:\/\/pajzsmirigypszichologia.hu\/","name":"Thyroid Psychology","description":"Pajzsmirigybetegek lelki eg\u00e9szs\u00e9g\u00e9r\u0151l","publisher":{"@id":"https:\/\/pajzsmirigypszichologia.hu\/#\/schema\/person\/ada127288f79d621e52461983dc46da2"},"potentialAction":[{"@type":"SearchAction","target":{"@type":"EntryPoint","urlTemplate":"https:\/\/pajzsmirigypszichologia.hu\/?s={search_term_string}"},"query-input":{"@type":"PropertyValueSpecification","valueRequired":true,"valueName":"search_term_string"}}],"inLanguage":"en-GB"},{"@type":["Person","Organization"],"@id":"https:\/\/pajzsmirigypszichologia.hu\/#\/schema\/person\/ada127288f79d621e52461983dc46da2","name":"I'm Eliza Kollerits","image":{"@type":"ImageObject","inLanguage":"en-GB","@id":"https:\/\/pajzsmirigypszichologia.hu\/wp-content\/uploads\/2021\/05\/cropped-fejlec2.jpg","url":"https:\/\/pajzsmirigypszichologia.hu\/wp-content\/uploads\/2021\/05\/cropped-fejlec2.jpg","contentUrl":"https:\/\/pajzsmirigypszichologia.hu\/wp-content\/uploads\/2021\/05\/cropped-fejlec2.jpg","width":1124,"height":500,"caption":"Kollerits Eliza"},"logo":{"@id":"https:\/\/pajzsmirigypszichologia.hu\/wp-content\/uploads\/2021\/05\/cropped-fejlec2.jpg"},"sameAs":["https:\/\/pajzsmirigypszichologia.hu"]}]}},"_links":{"self":[{"href":"https:\/\/pajzsmirigypszichologia.hu\/en\/wp-json\/wp\/v2\/pages\/72","targetHints":{"allow":["GET"]}}],"collection":[{"href":"https:\/\/pajzsmirigypszichologia.hu\/en\/wp-json\/wp\/v2\/pages"}],"about":[{"href":"https:\/\/pajzsmirigypszichologia.hu\/en\/wp-json\/wp\/v2\/types\/page"}],"author":[{"embeddable":true,"href":"https:\/\/pajzsmirigypszichologia.hu\/en\/wp-json\/wp\/v2\/users\/1"}],"replies":[{"embeddable":true,"href":"https:\/\/pajzsmirigypszichologia.hu\/en\/wp-json\/wp\/v2\/comments?post=72"}],"version-history":[{"count":39,"href":"https:\/\/pajzsmirigypszichologia.hu\/en\/wp-json\/wp\/v2\/pages\/72\/revisions"}],"predecessor-version":[{"id":562,"href":"https:\/\/pajzsmirigypszichologia.hu\/en\/wp-json\/wp\/v2\/pages\/72\/revisions\/562"}],"wp:attachment":[{"href":"https:\/\/pajzsmirigypszichologia.hu\/en\/wp-json\/wp\/v2\/media?parent=72"}],"curies":[{"name":"wp","href":"https:\/\/api.w.org\/{rel}","templated":true}]}}