{"id":750,"date":"2022-07-21T08:36:02","date_gmt":"2022-07-21T08:36:02","guid":{"rendered":"https:\/\/pajzsmirigypszichologia.hu\/?page_id=750"},"modified":"2025-06-03T19:29:08","modified_gmt":"2025-06-03T19:29:08","slug":"budapest-pszichologus","status":"publish","type":"page","link":"https:\/\/pajzsmirigypszichologia.hu\/en\/budapest-pszichologus\/","title":{"rendered":"Counselling"},"content":{"rendered":"<div data-elementor-type=\"wp-page\" data-elementor-id=\"750\" class=\"elementor elementor-750\">\n\t\t\t\t\t\t<section class=\"elementor-section elementor-top-section elementor-element elementor-element-ffd9f73 elementor-section-boxed elementor-section-height-default elementor-section-height-default\" data-id=\"ffd9f73\" data-element_type=\"section\" data-e-type=\"section\">\n\t\t\t\t\t\t<div class=\"elementor-container elementor-column-gap-default\">\n\t\t\t\t\t<div class=\"elementor-column elementor-col-100 elementor-top-column elementor-element elementor-element-8e31c2d\" data-id=\"8e31c2d\" data-element_type=\"column\" data-e-type=\"column\">\n\t\t\t<div class=\"elementor-widget-wrap elementor-element-populated\">\n\t\t\t\t\t\t\t<\/div>\n\t\t<\/div>\n\t\t\t\t\t<\/div>\n\t\t<\/section>\n\t\t\t\t<section class=\"elementor-section elementor-top-section elementor-element elementor-element-7377a1f elementor-section-boxed elementor-section-height-default elementor-section-height-default\" data-id=\"7377a1f\" data-element_type=\"section\" data-e-type=\"section\">\n\t\t\t\t\t\t<div class=\"elementor-container elementor-column-gap-default\">\n\t\t\t\t\t<div class=\"elementor-column elementor-col-100 elementor-top-column elementor-element elementor-element-54407c2\" data-id=\"54407c2\" data-element_type=\"column\" data-e-type=\"column\">\n\t\t\t<div class=\"elementor-widget-wrap elementor-element-populated\">\n\t\t\t\t\t\t<div class=\"elementor-element elementor-element-df2db04 elementor-widget elementor-widget-text-editor\" data-id=\"df2db04\" data-element_type=\"widget\" data-e-type=\"widget\" data-widget_type=\"text-editor.default\">\n\t\t\t\t<div class=\"elementor-widget-container\">\n\t\t\t\t\t\t\t\t\t<p><strong><img fetchpriority=\"high\" decoding=\"async\" class=\"alignright wp-image-712\" src=\"https:\/\/pajzsmirigypszichologia.hu\/wp-content\/uploads\/2022\/07\/DSC_1317-Large-683x1024.jpg\" alt=\"\" width=\"400\" height=\"600\" srcset=\"https:\/\/pajzsmirigypszichologia.hu\/wp-content\/uploads\/2022\/07\/DSC_1317-Large-683x1024.jpg 683w, https:\/\/pajzsmirigypszichologia.hu\/wp-content\/uploads\/2022\/07\/DSC_1317-Large-200x300.jpg 200w, https:\/\/pajzsmirigypszichologia.hu\/wp-content\/uploads\/2022\/07\/DSC_1317-Large.jpg 720w\" sizes=\"(max-width: 400px) 100vw, 400px\" \/>I'm Eliza Kollerits<\/strong> vagyok, viselked\u00e9selemz\u0151, okleveles pszichol\u00f3gus \u00e9s komplex m\u0171v\u00e9szeti terapeuta. Jelenleg az ELTE Pszichol\u00f3gia Doktori Iskola Szem\u00e9lyis\u00e9g- \u00e9s eg\u00e9szs\u00e9gpszichol\u00f3gia programj\u00e1nak doktorandusza vagyok.\u00a0<\/p><p>Feel free to contact me about coping with thyroid disease or other chronic illnesses you may have.<\/p><p>Nemcsak ezen a ter\u00fcleten tudok seg\u00edteni: keressen fel, ha egy megterhel\u0151 \u00e9lethelyzetben tal\u00e1lja mag\u00e1t, \u00e9s \u00fagy \u00e9rzi, seg\u00edts\u00e9g\u00e9re lehet egy f\u00fcggetlen, szakmai seg\u00edts\u00e9g a probl\u00e9ma megold\u00e1s\u00e1ban. <br \/><em>Elfogad\u00e1s, emp\u00e1tia, \u00edt\u00e9lkez\u00e9smentes l\u00e9gk\u00f6r v\u00e1rja \u00d6nt.<\/em> LMBTQ+ bar\u00e1t szeml\u00e9letben dolgozom, illetve m\u00e1s nemzetis\u00e9g\u0171 klienseket is \u00f6r\u00f6mmel v\u00e1rok (ak\u00e1r angolul is).<\/p><p>Fiatal feln\u0151ttekkel, feln\u0151ttekkel \u00e9s id\u0151sekkel is dolgozom. Rendel\u0151m az <strong>Astoria mellett<\/strong> tal\u00e1lhat\u00f3 Budapesten, \u00e9s <strong>online konzult\u00e1ci\u00f3<\/strong>n is fogadom klienseimet.<\/p><p><strong>Forduljon hozz\u00e1m bizalommal az al\u00e1bbi t\u00e9mak\u00f6r\u00f6kkel:<\/strong><\/p><ul><li>normative crises (break-up, divorce, moving, life stage change, difficulties in changing jobs, having children, etc.)<\/li><li>t\u00e1rsas kapcsolatok neh\u00e9zs\u00e9gei, fejleszt\u00e9se, kommunik\u00e1ci\u00f3, hat\u00e1rh\u00faz\u00e1s<\/li><li>self-awareness, self-esteem, self-doubt<\/li><li>quarter life crisis<\/li><li>career orientation, identity search (who am I, my place in the world)<\/li><li>diagnosis and acceptance of a recent chronic illness, coping with symptoms, practical advice, information<\/li><li>aut\u00f3vezet\u00e9ssel kapcsolatos f\u00e9lelmek<\/li><li>weight loss difficulties (weight loss with CBT, motivational interviewing)<\/li><li><a href=\"https:\/\/pajzsmirigypszichologia.hu\/en\/muveszetterapia\/\">group therapy<\/a><\/li><\/ul><p>\n<table id=\"tablepress-2\" class=\"tablepress tablepress-id-2\">\n<tbody>\n<tr class=\"row-1\">\n\t<td class=\"column-1\"> <\/td><td class=\"column-2\">\u00c1r (50 perc)<\/td>\n<\/tr>\n<tr class=\"row-2\">\n\t<td class=\"column-1\">Di\u00e1k, nyugd\u00edjas, munkakeres\u0151<\/td><td class=\"column-2\">16.000 ft<\/td>\n<\/tr>\n<tr class=\"row-3\">\n\t<td class=\"column-1\">Teljes \u00e1r<\/td><td class=\"column-2\">21.000 ft<\/td>\n<\/tr>\n<\/tbody>\n<\/table>\n<!-- #tablepress-2 from cache --><\/p><p>Az \u00fcl\u00e9sek lemond\u00e1sa, vagy m\u00e1sik id\u0151pont k\u00e9r\u00e9se az id\u0151pontja el\u0151tt 72 \u00f3r\u00e1val d\u00edjmentesen lehets\u00e9ges. Ezen bel\u00fcli lemond\u00e1s eset\u00e9n az \u00fcl\u00e9s teljes d\u00edj\u00e1t felsz\u00e1m\u00edtom.<\/p><p>Az \u00fcl\u00e9seket eg\u00e9szs\u00e9gp\u00e9nzt\u00e1rra is el lehet sz\u00e1molni, az al\u00e1bbi szolg\u00e1ltat\u00f3kkal vagyok szerz\u0151d\u00e9sben: Pr\u00e9mium Eg\u00e9szs\u00e9gp\u00e9nzt\u00e1r, OTP Eg\u00e9szs\u00e9gp\u00e9nzt\u00e1r.<\/p><p>You can contact me using the contact details below or by filling in the form at the bottom of this page.<\/p><p><a href=\"mailto:eliza.kollerits@gmail.com\">eliza.kollerits@gmail.com<\/a><\/p><p>+36 30 2982131<\/p><p>\n<div class=\"wpcf7 no-js\" id=\"wpcf7-f904-o1\" lang=\"hu-HU\" dir=\"ltr\" data-wpcf7-id=\"904\">\n<div class=\"screen-reader-response\"><p role=\"status\" aria-live=\"polite\" aria-atomic=\"true\"><\/p> <ul><\/ul><\/div>\n<form action=\"\/en\/wp-json\/wp\/v2\/pages\/750#wpcf7-f904-o1\" method=\"post\" class=\"wpcf7-form init\" aria-label=\"Kapcsolatfelv\u00e9teli \u0171rlap\" novalidate=\"novalidate\" data-status=\"init\" data-trp-original-action=\"\/en\/wp-json\/wp\/v2\/pages\/750#wpcf7-f904-o1\">\n<fieldset class=\"hidden-fields-container\"><input type=\"hidden\" name=\"_wpcf7\" value=\"904\" \/><input type=\"hidden\" name=\"_wpcf7_version\" value=\"6.1.5\" \/><input type=\"hidden\" name=\"_wpcf7_locale\" value=\"hu_HU\" \/><input type=\"hidden\" name=\"_wpcf7_unit_tag\" value=\"wpcf7-f904-o1\" \/><input type=\"hidden\" name=\"_wpcf7_container_post\" value=\"0\" \/><input type=\"hidden\" name=\"_wpcf7_posted_data_hash\" value=\"\" \/>\n<\/fieldset>\n<p><label> Full Name<br \/>\n<span class=\"wpcf7-form-control-wrap\" data-name=\"your-name\"><input size=\"40\" maxlength=\"400\" class=\"wpcf7-form-control wpcf7-text wpcf7-validates-as-required\" autocomplete=\"name\" aria-required=\"true\" aria-invalid=\"false\" value=\"\" type=\"text\" name=\"your-name\" \/><\/span> <\/label>\n<\/p>\n<p><label> Email<br \/>\n<span class=\"wpcf7-form-control-wrap\" data-name=\"your-email\"><input size=\"40\" maxlength=\"400\" class=\"wpcf7-form-control wpcf7-email wpcf7-validates-as-required wpcf7-text wpcf7-validates-as-email\" autocomplete=\"email\" aria-required=\"true\" aria-invalid=\"false\" value=\"\" type=\"email\" name=\"your-email\" \/><\/span> <\/label>\n<\/p>\n<p><label> Subject<br \/>\n<span class=\"wpcf7-form-control-wrap\" data-name=\"your-subject\"><input size=\"40\" maxlength=\"400\" class=\"wpcf7-form-control wpcf7-text wpcf7-validates-as-required\" aria-required=\"true\" aria-invalid=\"false\" value=\"\" type=\"text\" name=\"your-subject\" \/><\/span> <\/label>\n<\/p>\n<p><label> Message<br \/>\n<span class=\"wpcf7-form-control-wrap\" data-name=\"your-message\"><textarea cols=\"40\" rows=\"10\" maxlength=\"2000\" class=\"wpcf7-form-control wpcf7-textarea\" aria-invalid=\"false\" name=\"your-message\"><\/textarea><\/span> <\/label>\n<\/p>\n<p><input class=\"wpcf7-form-control wpcf7-submit has-spinner\" type=\"submit\" value=\"Send\" \/>\n<\/p><div class=\"wpcf7-response-output\" aria-hidden=\"true\"><\/div>\n<input type=\"hidden\" name=\"trp-form-language\" value=\"en\"\/><\/form>\n<\/div>\n<\/p>\t\t\t\t\t\t\t\t<\/div>\n\t\t\t\t<\/div>\n\t\t\t\t\t<\/div>\n\t\t<\/div>\n\t\t\t\t\t<\/div>\n\t\t<\/section>\n\t\t\t\t<\/div>","protected":false},"excerpt":{"rendered":"<p>Kollerits Eliza vagyok, viselked\u00e9selemz\u0151, okleveles pszichol\u00f3gus \u00e9s komplex m\u0171v\u00e9szeti terapeuta. Jelenleg az ELTE Pszichol\u00f3gia Doktori Iskola Szem\u00e9lyis\u00e9g- \u00e9s eg\u00e9szs\u00e9gpszichol\u00f3gia programj\u00e1nak doktorandusza vagyok.\u00a0 Keressen bizalommal pajzsmirigybetegs\u00e9g\u00e9vel val\u00f3 megk\u00fczd\u00e9ssel kapcsolatban, vagy m\u00e1s kr\u00f3nikus betegs\u00e9ge megismer\u00e9s\u00e9nek ig\u00e9ny\u00e9vel. Nemcsak ezen a ter\u00fcleten tudok seg\u00edteni: keressen fel, ha egy megterhel\u0151 \u00e9lethelyzetben tal\u00e1lja mag\u00e1t, \u00e9s \u00fagy \u00e9rzi, seg\u00edts\u00e9g\u00e9re lehet egy f\u00fcggetlen, szakmai seg\u00edts\u00e9g a probl\u00e9ma megold\u00e1s\u00e1ban. Elfogad\u00e1s, emp\u00e1tia, \u00edt\u00e9lkez\u00e9smentes l\u00e9gk\u00f6r v\u00e1rja \u00d6nt. LMBTQ+ bar\u00e1t szeml\u00e9letben dolgozom, illetve m\u00e1s nemzetis\u00e9g\u0171 klienseket is \u00f6r\u00f6mmel v\u00e1rok (ak\u00e1r angolul is). Fiatal feln\u0151ttekkel, feln\u0151ttekkel \u00e9s id\u0151sekkel is dolgozom. Rendel\u0151m az Astoria mellett tal\u00e1lhat\u00f3 Budapesten, \u00e9s online konzult\u00e1ci\u00f3n is fogadom klienseimet. Forduljon hozz\u00e1m bizalommal az al\u00e1bbi t\u00e9mak\u00f6r\u00f6kkel: normat\u00edv kr\u00edzisek (szak\u00edt\u00e1s, v\u00e1l\u00e1s, k\u00f6lt\u00f6z\u00e9s, \u00e9letszakasz v\u00e1lt\u00e1s, munkahely v\u00e1lt\u00e1s neh\u00e9zs\u00e9gei, gyermekv\u00e1llal\u00e1s stb.) t\u00e1rsas kapcsolatok neh\u00e9zs\u00e9gei, fejleszt\u00e9se, kommunik\u00e1ci\u00f3, hat\u00e1rh\u00faz\u00e1s \u00f6nismeret, \u00f6n\u00e9rt\u00e9kel\u00e9s, \u00f6nbizalomhi\u00e1ny kapunyit\u00e1si kr\u00edzis p\u00e1lyaorient\u00e1ci\u00f3, identit\u00e1s keres\u00e9s (ki vagyok \u00e9n, helyem a vil\u00e1gban) friss kr\u00f3nikus betegs\u00e9g diagn\u00f3zisa, elfogad\u00e1sa, t\u00fcnetekkel val\u00f3 megk\u00fczd\u00e9s, gyakorlati tan\u00e1csok, tudnival\u00f3k aut\u00f3vezet\u00e9ssel kapcsolatos f\u00e9lelmek fogy\u00e1ssal kapcsolatos neh\u00e9zs\u00e9gek (fogy\u00e1s CBT-vel, motiv\u00e1ci\u00f3s interj\u00fa) csoportos lehet\u0151s\u00e9gek Az \u00fcl\u00e9sek lemond\u00e1sa, vagy m\u00e1sik id\u0151pont k\u00e9r\u00e9se az id\u0151pontja el\u0151tt 72 \u00f3r\u00e1val d\u00edjmentesen lehets\u00e9ges. Ezen bel\u00fcli lemond\u00e1s eset\u00e9n az \u00fcl\u00e9s teljes d\u00edj\u00e1t felsz\u00e1m\u00edtom. Az \u00fcl\u00e9seket eg\u00e9szs\u00e9gp\u00e9nzt\u00e1rra is el lehet sz\u00e1molni, az al\u00e1bbi szolg\u00e1ltat\u00f3kkal vagyok szerz\u0151d\u00e9sben: Pr\u00e9mium Eg\u00e9szs\u00e9gp\u00e9nzt\u00e1r, OTP Eg\u00e9szs\u00e9gp\u00e9nzt\u00e1r. Az al\u00e1bbi el\u00e9rhet\u0151s\u00e9geken, vagy a lap alj\u00e1n tal\u00e1lhat\u00f3 \u0171rlap kit\u00f6lt\u00e9s\u00e9vel tudja felvenni velem a kapcsolatot. eliza.kollerits@gmail.com +36 30 2982131<\/p>","protected":false},"author":1,"featured_media":0,"parent":0,"menu_order":0,"comment_status":"closed","ping_status":"closed","template":"elementor_header_footer","meta":{"footnotes":""},"class_list":["post-750","page","type-page","status-publish","hentry"],"yoast_head":"<!-- This site is optimized with the Yoast SEO plugin v27.5 - https:\/\/yoast.com\/product\/yoast-seo-wordpress\/ -->\n<title>Egy\u00e9ni tan\u00e1csad\u00e1s - Pajzsmirigy Pszichol\u00f3gia<\/title>\n<meta name=\"description\" content=\"K\u00e9rjen id\u0151pontot egy\u00e9ni tan\u00e1csad\u00e1sra! 50 perces \u00fcl\u00e9sek, ahol csak azon dolgozunk, hogy az \u00d6n probl\u00e9m\u00e1ja megold\u00e1sra ker\u00fclj\u00f6n!\" \/>\n<meta name=\"robots\" content=\"index, follow, max-snippet:-1, max-image-preview:large, max-video-preview:-1\" \/>\n<link rel=\"canonical\" href=\"https:\/\/pajzsmirigypszichologia.hu\/en\/budapest-pszichologus\/\" \/>\n<meta property=\"og:locale\" content=\"en_GB\" \/>\n<meta property=\"og:type\" content=\"article\" \/>\n<meta property=\"og:title\" content=\"Egy\u00e9ni tan\u00e1csad\u00e1s - Pajzsmirigy Pszichol\u00f3gia\" \/>\n<meta property=\"og:description\" content=\"K\u00e9rjen id\u0151pontot egy\u00e9ni tan\u00e1csad\u00e1sra! 50 perces \u00fcl\u00e9sek, ahol csak azon dolgozunk, hogy az \u00d6n probl\u00e9m\u00e1ja megold\u00e1sra ker\u00fclj\u00f6n!\" \/>\n<meta property=\"og:url\" content=\"https:\/\/pajzsmirigypszichologia.hu\/en\/budapest-pszichologus\/\" \/>\n<meta property=\"og:site_name\" content=\"Pajzsmirigy Pszichol\u00f3gia\" \/>\n<meta property=\"article:modified_time\" content=\"2025-06-03T19:29:08+00:00\" \/>\n<meta property=\"og:image\" content=\"https:\/\/pajzsmirigypszichologia.hu\/wp-content\/uploads\/2022\/07\/DSC_1317-Large.jpg\" \/>\n\t<meta property=\"og:image:width\" content=\"720\" \/>\n\t<meta property=\"og:image:height\" content=\"1080\" \/>\n\t<meta property=\"og:image:type\" content=\"image\/jpeg\" \/>\n<meta name=\"twitter:card\" content=\"summary_large_image\" \/>\n<meta name=\"twitter:label1\" content=\"Estimated reading time\" \/>\n\t<meta name=\"twitter:data1\" content=\"2 minutes\" \/>\n<script type=\"application\/ld+json\" class=\"yoast-schema-graph\">{\"@context\":\"https:\\\/\\\/schema.org\",\"@graph\":[{\"@type\":\"WebPage\",\"@id\":\"https:\\\/\\\/pajzsmirigypszichologia.hu\\\/budapest-pszichologus\\\/\",\"url\":\"https:\\\/\\\/pajzsmirigypszichologia.hu\\\/budapest-pszichologus\\\/\",\"name\":\"Egy\u00e9ni tan\u00e1csad\u00e1s - Pajzsmirigy Pszichol\u00f3gia\",\"isPartOf\":{\"@id\":\"https:\\\/\\\/pajzsmirigypszichologia.hu\\\/#website\"},\"primaryImageOfPage\":{\"@id\":\"https:\\\/\\\/pajzsmirigypszichologia.hu\\\/budapest-pszichologus\\\/#primaryimage\"},\"image\":{\"@id\":\"https:\\\/\\\/pajzsmirigypszichologia.hu\\\/budapest-pszichologus\\\/#primaryimage\"},\"thumbnailUrl\":\"https:\\\/\\\/pajzsmirigypszichologia.hu\\\/wp-content\\\/uploads\\\/2022\\\/07\\\/DSC_1317-Large-683x1024.jpg\",\"datePublished\":\"2022-07-21T08:36:02+00:00\",\"dateModified\":\"2025-06-03T19:29:08+00:00\",\"description\":\"K\u00e9rjen id\u0151pontot egy\u00e9ni tan\u00e1csad\u00e1sra! 50 perces \u00fcl\u00e9sek, ahol csak azon dolgozunk, hogy az \u00d6n probl\u00e9m\u00e1ja megold\u00e1sra ker\u00fclj\u00f6n!\",\"breadcrumb\":{\"@id\":\"https:\\\/\\\/pajzsmirigypszichologia.hu\\\/budapest-pszichologus\\\/#breadcrumb\"},\"inLanguage\":\"en-GB\",\"potentialAction\":[{\"@type\":\"ReadAction\",\"target\":[\"https:\\\/\\\/pajzsmirigypszichologia.hu\\\/budapest-pszichologus\\\/\"]}]},{\"@type\":\"ImageObject\",\"inLanguage\":\"en-GB\",\"@id\":\"https:\\\/\\\/pajzsmirigypszichologia.hu\\\/budapest-pszichologus\\\/#primaryimage\",\"url\":\"https:\\\/\\\/pajzsmirigypszichologia.hu\\\/wp-content\\\/uploads\\\/2022\\\/07\\\/DSC_1317-Large-683x1024.jpg\",\"contentUrl\":\"https:\\\/\\\/pajzsmirigypszichologia.hu\\\/wp-content\\\/uploads\\\/2022\\\/07\\\/DSC_1317-Large-683x1024.jpg\"},{\"@type\":\"BreadcrumbList\",\"@id\":\"https:\\\/\\\/pajzsmirigypszichologia.hu\\\/budapest-pszichologus\\\/#breadcrumb\",\"itemListElement\":[{\"@type\":\"ListItem\",\"position\":1,\"name\":\"Kezd\u0151lap\",\"item\":\"https:\\\/\\\/pajzsmirigypszichologia.hu\\\/\"},{\"@type\":\"ListItem\",\"position\":2,\"name\":\"Egy\u00e9ni tan\u00e1csad\u00e1s\"}]},{\"@type\":\"WebSite\",\"@id\":\"https:\\\/\\\/pajzsmirigypszichologia.hu\\\/#website\",\"url\":\"https:\\\/\\\/pajzsmirigypszichologia.hu\\\/\",\"name\":\"Pajzsmirigy Pszichol\u00f3gia\",\"description\":\"Pajzsmirigybetegek lelki eg\u00e9szs\u00e9g\u00e9r\u0151l\",\"publisher\":{\"@id\":\"https:\\\/\\\/pajzsmirigypszichologia.hu\\\/#\\\/schema\\\/person\\\/ada127288f79d621e52461983dc46da2\"},\"potentialAction\":[{\"@type\":\"SearchAction\",\"target\":{\"@type\":\"EntryPoint\",\"urlTemplate\":\"https:\\\/\\\/pajzsmirigypszichologia.hu\\\/?s={search_term_string}\"},\"query-input\":{\"@type\":\"PropertyValueSpecification\",\"valueRequired\":true,\"valueName\":\"search_term_string\"}}],\"inLanguage\":\"en-GB\"},{\"@type\":[\"Person\",\"Organization\"],\"@id\":\"https:\\\/\\\/pajzsmirigypszichologia.hu\\\/#\\\/schema\\\/person\\\/ada127288f79d621e52461983dc46da2\",\"name\":\"Kollerits Eliza\",\"image\":{\"@type\":\"ImageObject\",\"inLanguage\":\"en-GB\",\"@id\":\"https:\\\/\\\/pajzsmirigypszichologia.hu\\\/wp-content\\\/uploads\\\/2021\\\/05\\\/cropped-fejlec2.jpg\",\"url\":\"https:\\\/\\\/pajzsmirigypszichologia.hu\\\/wp-content\\\/uploads\\\/2021\\\/05\\\/cropped-fejlec2.jpg\",\"contentUrl\":\"https:\\\/\\\/pajzsmirigypszichologia.hu\\\/wp-content\\\/uploads\\\/2021\\\/05\\\/cropped-fejlec2.jpg\",\"width\":1124,\"height\":500,\"caption\":\"Kollerits Eliza\"},\"logo\":{\"@id\":\"https:\\\/\\\/pajzsmirigypszichologia.hu\\\/wp-content\\\/uploads\\\/2021\\\/05\\\/cropped-fejlec2.jpg\"},\"sameAs\":[\"https:\\\/\\\/pajzsmirigypszichologia.hu\"]}]}<\/script>\n<!-- \/ Yoast SEO plugin. -->","yoast_head_json":{"title":"Egy\u00e9ni tan\u00e1csad\u00e1s - Pajzsmirigy Pszichol\u00f3gia","description":"K\u00e9rjen id\u0151pontot egy\u00e9ni tan\u00e1csad\u00e1sra! 50 perces \u00fcl\u00e9sek, ahol csak azon dolgozunk, hogy az \u00d6n probl\u00e9m\u00e1ja megold\u00e1sra ker\u00fclj\u00f6n!","robots":{"index":"index","follow":"follow","max-snippet":"max-snippet:-1","max-image-preview":"max-image-preview:large","max-video-preview":"max-video-preview:-1"},"canonical":"https:\/\/pajzsmirigypszichologia.hu\/en\/budapest-pszichologus\/","og_locale":"en_GB","og_type":"article","og_title":"Egy\u00e9ni tan\u00e1csad\u00e1s - Pajzsmirigy Pszichol\u00f3gia","og_description":"K\u00e9rjen id\u0151pontot egy\u00e9ni tan\u00e1csad\u00e1sra! 50 perces \u00fcl\u00e9sek, ahol csak azon dolgozunk, hogy az \u00d6n probl\u00e9m\u00e1ja megold\u00e1sra ker\u00fclj\u00f6n!","og_url":"https:\/\/pajzsmirigypszichologia.hu\/en\/budapest-pszichologus\/","og_site_name":"Pajzsmirigy Pszichol\u00f3gia","article_modified_time":"2025-06-03T19:29:08+00:00","og_image":[{"width":720,"height":1080,"url":"https:\/\/pajzsmirigypszichologia.hu\/wp-content\/uploads\/2022\/07\/DSC_1317-Large.jpg","type":"image\/jpeg"}],"twitter_card":"summary_large_image","twitter_misc":{"Estimated reading time":"2 minutes"},"schema":{"@context":"https:\/\/schema.org","@graph":[{"@type":"WebPage","@id":"https:\/\/pajzsmirigypszichologia.hu\/budapest-pszichologus\/","url":"https:\/\/pajzsmirigypszichologia.hu\/budapest-pszichologus\/","name":"Egy\u00e9ni tan\u00e1csad\u00e1s - Pajzsmirigy Pszichol\u00f3gia","isPartOf":{"@id":"https:\/\/pajzsmirigypszichologia.hu\/#website"},"primaryImageOfPage":{"@id":"https:\/\/pajzsmirigypszichologia.hu\/budapest-pszichologus\/#primaryimage"},"image":{"@id":"https:\/\/pajzsmirigypszichologia.hu\/budapest-pszichologus\/#primaryimage"},"thumbnailUrl":"https:\/\/pajzsmirigypszichologia.hu\/wp-content\/uploads\/2022\/07\/DSC_1317-Large-683x1024.jpg","datePublished":"2022-07-21T08:36:02+00:00","dateModified":"2025-06-03T19:29:08+00:00","description":"K\u00e9rjen id\u0151pontot egy\u00e9ni tan\u00e1csad\u00e1sra! 50 perces \u00fcl\u00e9sek, ahol csak azon dolgozunk, hogy az \u00d6n probl\u00e9m\u00e1ja megold\u00e1sra ker\u00fclj\u00f6n!","breadcrumb":{"@id":"https:\/\/pajzsmirigypszichologia.hu\/budapest-pszichologus\/#breadcrumb"},"inLanguage":"en-GB","potentialAction":[{"@type":"ReadAction","target":["https:\/\/pajzsmirigypszichologia.hu\/budapest-pszichologus\/"]}]},{"@type":"ImageObject","inLanguage":"en-GB","@id":"https:\/\/pajzsmirigypszichologia.hu\/budapest-pszichologus\/#primaryimage","url":"https:\/\/pajzsmirigypszichologia.hu\/wp-content\/uploads\/2022\/07\/DSC_1317-Large-683x1024.jpg","contentUrl":"https:\/\/pajzsmirigypszichologia.hu\/wp-content\/uploads\/2022\/07\/DSC_1317-Large-683x1024.jpg"},{"@type":"BreadcrumbList","@id":"https:\/\/pajzsmirigypszichologia.hu\/budapest-pszichologus\/#breadcrumb","itemListElement":[{"@type":"ListItem","position":1,"name":"Kezd\u0151lap","item":"https:\/\/pajzsmirigypszichologia.hu\/"},{"@type":"ListItem","position":2,"name":"Egy\u00e9ni tan\u00e1csad\u00e1s"}]},{"@type":"WebSite","@id":"https:\/\/pajzsmirigypszichologia.hu\/#website","url":"https:\/\/pajzsmirigypszichologia.hu\/","name":"Thyroid Psychology","description":"Pajzsmirigybetegek lelki eg\u00e9szs\u00e9g\u00e9r\u0151l","publisher":{"@id":"https:\/\/pajzsmirigypszichologia.hu\/#\/schema\/person\/ada127288f79d621e52461983dc46da2"},"potentialAction":[{"@type":"SearchAction","target":{"@type":"EntryPoint","urlTemplate":"https:\/\/pajzsmirigypszichologia.hu\/?s={search_term_string}"},"query-input":{"@type":"PropertyValueSpecification","valueRequired":true,"valueName":"search_term_string"}}],"inLanguage":"en-GB"},{"@type":["Person","Organization"],"@id":"https:\/\/pajzsmirigypszichologia.hu\/#\/schema\/person\/ada127288f79d621e52461983dc46da2","name":"I'm Eliza Kollerits","image":{"@type":"ImageObject","inLanguage":"en-GB","@id":"https:\/\/pajzsmirigypszichologia.hu\/wp-content\/uploads\/2021\/05\/cropped-fejlec2.jpg","url":"https:\/\/pajzsmirigypszichologia.hu\/wp-content\/uploads\/2021\/05\/cropped-fejlec2.jpg","contentUrl":"https:\/\/pajzsmirigypszichologia.hu\/wp-content\/uploads\/2021\/05\/cropped-fejlec2.jpg","width":1124,"height":500,"caption":"Kollerits Eliza"},"logo":{"@id":"https:\/\/pajzsmirigypszichologia.hu\/wp-content\/uploads\/2021\/05\/cropped-fejlec2.jpg"},"sameAs":["https:\/\/pajzsmirigypszichologia.hu"]}]}},"_links":{"self":[{"href":"https:\/\/pajzsmirigypszichologia.hu\/en\/wp-json\/wp\/v2\/pages\/750","targetHints":{"allow":["GET"]}}],"collection":[{"href":"https:\/\/pajzsmirigypszichologia.hu\/en\/wp-json\/wp\/v2\/pages"}],"about":[{"href":"https:\/\/pajzsmirigypszichologia.hu\/en\/wp-json\/wp\/v2\/types\/page"}],"author":[{"embeddable":true,"href":"https:\/\/pajzsmirigypszichologia.hu\/en\/wp-json\/wp\/v2\/users\/1"}],"replies":[{"embeddable":true,"href":"https:\/\/pajzsmirigypszichologia.hu\/en\/wp-json\/wp\/v2\/comments?post=750"}],"version-history":[{"count":56,"href":"https:\/\/pajzsmirigypszichologia.hu\/en\/wp-json\/wp\/v2\/pages\/750\/revisions"}],"predecessor-version":[{"id":963,"href":"https:\/\/pajzsmirigypszichologia.hu\/en\/wp-json\/wp\/v2\/pages\/750\/revisions\/963"}],"wp:attachment":[{"href":"https:\/\/pajzsmirigypszichologia.hu\/en\/wp-json\/wp\/v2\/media?parent=750"}],"curies":[{"name":"wp","href":"https:\/\/api.w.org\/{rel}","templated":true}]}}